{"id":110,"date":"2023-02-06T09:01:34","date_gmt":"2023-02-06T09:01:34","guid":{"rendered":"https:\/\/www.eskitransa.lt\/datenschutzbestimmungen"},"modified":"2023-02-27T09:41:38","modified_gmt":"2023-02-27T09:41:38","slug":"datenschutzbestimmungen","status":"publish","type":"page","link":"https:\/\/www.eskitransa.lt\/de\/datenschutzbestimmungen","title":{"rendered":"Datenschutzbestimmungen"},"content":{"rendered":"<h1>Datenschutzbestimmungen<\/h1>\n<p>Diese Datenschutz- und Cookie-Richtlinie (die &#8222;Richtlinie&#8220;) gilt, wenn Sie die Website von Eskitransa besuchen. Diese Richtlinie gilt nicht, wenn Sie \u00fcber die Eskitransa-Website auf die Websites anderer Unternehmen zugreifen.<\/p>\n<p>Wir sammeln die Daten unserer Website-Besucher in \u00dcbereinstimmung mit dem Gesetz \u00fcber den rechtlichen Schutz personenbezogener Daten der Republik Litauen, dem Gesetz \u00fcber elektronische Kommunikation der Republik Litauen, den Datenschutzgesetzen der Europ\u00e4ischen Union, anderen einschl\u00e4gigen Rechtsakten und Anweisungen der Kontrollbeh\u00f6rden.<\/p>\n<h2>Datenerhebung<\/h2>\n<p>Wir verwenden Cookies, um Daten \u00fcber die Nutzung der Website zu sammeln. Die Arten von Cookies und ihr Zweck sind in der nachstehenden Tabelle aufgef\u00fchrt.<\/p>\n<p>Wir sch\u00fctzen die Daten, die wir \u00fcber die Besucher der Eskitransa-Website sammeln, verantwortungsbewusst vor Verlust, unbefugter Nutzung und Ver\u00e4nderung. Die Mitarbeiter von Eskitransa haben sich schriftlich verpflichtet, keine Informationen \u00fcber die Kunden des Unternehmens, einschlie\u00dflich der Besucher der Eskitransa-Website, die sie am Arbeitsplatz erhalten haben, an Dritte weiterzugeben oder zu verbreiten.<\/p>\n<h2>Verwendung von Cookies<\/h2>\n<p>Wenn Sie die Eskitransa-Website besuchen, m\u00f6chten wir Ihnen Informationen und Funktionen bieten, die genau auf Sie zugeschnitten sind. Dies erfordert die Verwendung von Cookies. Dies sind kleine Informationen, die in Ihrem Webbrowser gespeichert werden. Sie helfen uns, Sie als fr\u00fcheren Besucher der Eskitransa-Website zu erkennen, Ihre Besuchshistorie zu speichern und die Inhalte entsprechend anzupassen. Cookies tragen auch dazu bei, das reibungslose Funktionieren der Website zu gew\u00e4hrleisten, die Dauer und H\u00e4ufigkeit der Besuche auf der Eskitransa-Website zu \u00fcberwachen und statistische Informationen \u00fcber die Anzahl der Besucher der Website zu sammeln. Durch die Analyse dieser Daten k\u00f6nnen wir die Website verbessern und sie f\u00fcr Sie benutzerfreundlicher gestalten. Wenn Sie die Eskitransa-Website besuchen, k\u00f6nnen Sie w\u00e4hlen, ob Sie Cookies verwenden m\u00f6chten. Wenn Sie nicht damit einverstanden sind, dass Cookies auf Ihrem Computer oder einem anderen Ger\u00e4t platziert werden, k\u00f6nnen Sie Ihre Zustimmung jederzeit widerrufen, indem Sie Ihre Einstellungen \u00e4ndern und die von Ihnen platzierten Cookies l\u00f6schen.<\/p>\n<h2>Informationen \u00fcber die von uns verwendeten Cookies<\/h2>\n<table>\n<thead>\n<tr>\n<th>Name<\/th>\n<th>Beschreibung<\/th>\n<th>Zeitpunkt der Erstellung\/Verfallsdatum<\/th>\n<\/tr>\n<\/thead>\n<tbody>\n<tr>\n<td>_ga<\/td>\n<td>Dieses Cookie wird von Google Analytics verwendet, um die Besuchsziele des Nutzers zu messen, um Berichte \u00fcber die Website-Aktivit\u00e4ten f\u00fcr die Website-Betreiber zu erstellen und um die Erfahrung des Kunden beim Besuch der Website zu verbessern.<\/td>\n<td>Ab Zustimmung\/2 Jahren.<\/td>\n<\/tr>\n<tr>\n<td>_gat<\/td>\n<td>Diese Cookies werden von Google Analytics verwendet, um statistische Informationen \u00fcber den Website-Verkehr zu sammeln.<\/td>\n<td>Wenn Sie die Seite zum ersten Mal betreten\/am Ende der Sitzung<\/td>\n<\/tr>\n<tr>\n<td>_gid<\/td>\n<td>Dieses Cookie wird von Google Analytics verwendet, um die Person zu identifizieren.<\/td>\n<td>Zum Zeitpunkt des ersten Zugriffs\/2 Tage<\/td>\n<\/tr>\n<\/tbody>\n<\/table>\n<h2>Arten von Cookies<\/h2>\n<p>Bei den Cookies handelt es sich um Sitzungscookies und dauerhafte Cookies sowie um Cookies von Erst- und Drittanbietern. Im Folgenden erl\u00e4utern wir die Bedeutung dieser Begriffe, damit Sie besser verstehen, wie wir Cookies verwenden und wof\u00fcr sie eingesetzt werden.<\/p>\n<p>Sitzungscookies erm\u00f6glichen es, Sie w\u00e4hrend eines einzigen Besuchs auf unserer Website wiederzuerkennen, so dass alle \u00c4nderungen oder Auswahlen, die Sie auf einer Seite vornehmen, gespeichert werden, wenn Sie von einer Seite zur n\u00e4chsten wechseln. Diese Cookies erm\u00f6glichen es Ihnen, schnell und einfach durch viele Seiten der Website zu navigieren, so dass Sie nicht jedes Mal, wenn Sie eine neue Website besuchen, Informationen neu verarbeiten m\u00fcssen. Session-Cookies sind tempor\u00e4r und verschwinden, sobald Sie Ihren Browser schlie\u00dfen oder sich von der Website abmelden.<\/p>\n<h2>Langfristige Cookies<\/h2>\n<p>Dauerhafte Cookies sind Cookies, die nach Beendigung einer Browsersitzung f\u00fcr einen bestimmten Zeitraum auf Ihrem Computer verbleiben und daher bestimmte Benutzereinstellungen oder Aktionen aufzeichnen k\u00f6nnen, wenn die Website erneut besucht wird.<\/p>\n<h2>Cookies von Dritten<\/h2>\n<p>Diese Cookies werden von anderen Organisationen \u00fcber unsere Website verwendet. In unserem Fall verwendet die Eskitransa-Website Google-Analytics-Cookies, um den Website-Verkehr zu analysieren. &#8222;Google Analytics sammelt anonym Informationen \u00fcber die Anzahl der Besucher, den Standort, von dem aus unsere Website genutzt wurde und welche Teile der Website von den Besuchern besucht wurden. Diese Cookies werden von Google Analytics erstellt. F\u00fcr weitere Informationen \u00fcber Google Analytics besuchen Sie bitte <a href=\"http:\/\/www.google.com\/analytics\" target=\"_blank\" rel=\"noopener noreferrer\">http:\/\/www.google.com\/analytics.<\/a><\/p>\n<p>Alle durch Cookies gesammelten Informationen werden gespeichert, bis die Cookies ablaufen, und werden nicht f\u00fcr andere Zwecke als die in dieser Richtlinie genannten verwendet.<\/p>\n<p>Unsere Website enth\u00e4lt Links zu den Websites anderer Personen, Unternehmen oder Organisationen. Bitte beachten Sie, dass Eskitransa nicht f\u00fcr den Inhalt dieser Websites oder deren Datenschutzpraktiken verantwortlich ist. Wenn Sie einem Link von der Eskitransa-Website zu anderen Websites folgen, sollten Sie daher deren Datenschutzbestimmungen gesondert pr\u00fcfen.<\/p>\n<h2>Cookies der ersten Partei<\/h2>\n<p>Cookies, die f\u00fcr das reibungslose Funktionieren der Eskitransa-Website erforderlich sind.<\/p>\n<h2>Ihre Rechte<\/h2>\n<p>Sie haben das Recht auf Auskunft \u00fcber die von uns mit Hilfe von Cookies verarbeiteten Daten. Sie haben auch das Recht, die Berichtigung von unrichtigen, unvollst\u00e4ndigen oder ungenauen Daten zu verlangen.<\/p>\n<p>Wenn Sie Fragen haben oder Ihre Rechte aus\u00fcben m\u00f6chten, wenden Sie sich bitte an die auf der Kontaktseite angegebene E-Mail-Adresse. per Post oder auf einem anderen auf dieser Website angegebenen Weg.<\/p>\n","protected":false},"excerpt":{"rendered":"<p>Datenschutzbestimmungen Diese Datenschutz- und Cookie-Richtlinie (die &#8222;Richtlinie&#8220;) gilt, wenn Sie die Website von Eskitransa besuchen. Diese Richtlinie gilt nicht, wenn Sie \u00fcber die Eskitransa-Website auf die Websites anderer Unternehmen zugreifen. Wir sammeln die Daten unserer Website-Besucher in \u00dcbereinstimmung mit dem Gesetz \u00fcber den rechtlichen Schutz personenbezogener Daten der Republik Litauen, dem Gesetz \u00fcber elektronische Kommunikation&#8230;<\/p>\n","protected":false},"author":1,"featured_media":0,"parent":0,"menu_order":0,"comment_status":"closed","ping_status":"open","template":"","meta":{"footnotes":""},"_links":{"self":[{"href":"https:\/\/www.eskitransa.lt\/de\/wp-json\/wp\/v2\/pages\/110"}],"collection":[{"href":"https:\/\/www.eskitransa.lt\/de\/wp-json\/wp\/v2\/pages"}],"about":[{"href":"https:\/\/www.eskitransa.lt\/de\/wp-json\/wp\/v2\/types\/page"}],"author":[{"embeddable":true,"href":"https:\/\/www.eskitransa.lt\/de\/wp-json\/wp\/v2\/users\/1"}],"replies":[{"embeddable":true,"href":"https:\/\/www.eskitransa.lt\/de\/wp-json\/wp\/v2\/comments?post=110"}],"version-history":[{"count":2,"href":"https:\/\/www.eskitransa.lt\/de\/wp-json\/wp\/v2\/pages\/110\/revisions"}],"predecessor-version":[{"id":213,"href":"https:\/\/www.eskitransa.lt\/de\/wp-json\/wp\/v2\/pages\/110\/revisions\/213"}],"wp:attachment":[{"href":"https:\/\/www.eskitransa.lt\/de\/wp-json\/wp\/v2\/media?parent=110"}],"curies":[{"name":"wp","href":"https:\/\/api.w.org\/{rel}","templated":true}]}}