{"id":95,"date":"2023-02-06T09:01:34","date_gmt":"2023-02-06T09:01:34","guid":{"rendered":"https:\/\/www.eskitransa.lt\/beispielseite"},"modified":"2025-07-17T05:51:08","modified_gmt":"2025-07-17T05:51:08","slug":"beispielseite","status":"publish","type":"page","link":"https:\/\/www.eskitransa.lt\/de","title":{"rendered":"Autotransport in ganz Europa"},"content":{"rendered":"<section class=\"l-section wpb_row height_medium with_img\"><div class=\"l-section-img\" style=\"background-image: url(https:\/\/www.eskitransa.lt\/wp-content\/uploads\/2024\/02\/eskitransa-home-hero.webp);background-repeat: no-repeat;\" data-img-width=\"1400\" data-img-height=\"440\"><\/div><div class=\"l-section-h i-cf\"><div class=\"g-cols vc_row via_flex valign_middle type_default stacking_default\"><div class=\"vc_col-sm-12 wpb_column vc_column_container\"><div class=\"vc_column-inner\"><div class=\"wpb_wrapper\"><div class=\"g-cols wpb_row us_custom_0d54facf via_flex valign_middle type_default stacking_default\"><div class=\"vc_col-sm-12 wpb_column vc_column_container\"><div class=\"vc_column-inner\"><div class=\"wpb_wrapper\"><div class=\"wpb_text_column us_custom_adc03cf5 has_text_color us_animate_this\"><div class=\"wpb_wrapper\"><h1>Autotransport<br \/>\ndurch Europa<\/h1>\n<p>Wir sorgen daf\u00fcr, dass Ihr Auto sicher und schnell transportiert wird<\/p>\n<\/div><\/div><div class=\"w-btn-wrapper align_none\"><a class=\"w-btn us-btn-style_1 us_custom_d8caf4e0 us_animate_this\" href=\"#k\"><span class=\"w-btn-label\">Transport buchen<\/span><\/a><\/div><\/div><\/div><\/div><\/div><\/div><\/div><\/div><\/div><\/div><\/section><section class=\"l-section wpb_row us_custom_e5abc120 height_medium\" id=\"Dienstleistungen\"><div class=\"l-section-overlay\" style=\"background:rgba(255,255,255,0.95)\"><\/div><div class=\"l-section-h i-cf\"><div class=\"g-cols vc_row via_flex valign_top type_default stacking_default\"><div class=\"vc_col-sm-12 wpb_column vc_column_container\"><div class=\"vc_column-inner\"><div class=\"wpb_wrapper\"><div class=\"wpb_text_column us_custom_67cecdea us_animate_this\"><div class=\"wpb_wrapper\"><h2>LEISTUNGEN<\/h2>\n<\/div><\/div><div class=\"g-cols wpb_row via_flex valign_top type_default stacking_default\"><div class=\"vc_col-sm-8 wpb_column vc_column_container\"><div class=\"vc_column-inner\"><div class=\"wpb_wrapper\"><div class=\"wpb_text_column us_custom_4ef5d869 us_animate_this\"><div class=\"wpb_wrapper\"><h3>Autotransporte<\/h3>\n<p>Wir bieten zuverl\u00e4ssige und effiziente Autotransportdienste in den europ\u00e4ischen L\u00e4ndern: Spanien, Frankreich, Belgien, die Niederlande, Deutschland, D\u00e4nemark, \u00d6sterreich, Tschechische Republik, Ungarn, die Slowakei, Polen und Litauen.<\/p>\n<p>Unser Expertenteam verf\u00fcgt \u00fcber langj\u00e4hrige Erfahrung in der Automobilbranche und liefert Fahrzeuge an H\u00e4ndler, Auktionen und Privatkunden. Wir verwenden bew\u00e4hrte und sichere Ausr\u00fcstung und Fahrzeuge, um einen sicheren Transport zu gew\u00e4hrleisten.<\/p>\n<p>Wir bieten flexible und kosteng\u00fcnstige L\u00f6sungen f\u00fcr die Verlagerung eines einzelnen Fahrzeugs oder einer ganzen Fahrzeugflotte. Kontaktieren Sie uns noch heute f\u00fcr ein stressfreies Fahrzeugtransport zum angegebenen Ort.<\/p>\n<\/div><\/div><\/div><\/div><\/div><div class=\"vc_col-sm-4 wpb_column vc_column_container\"><div class=\"vc_column-inner us_custom_ff13c409 us_animate_this\"><div class=\"wpb_wrapper\"><div class=\"w-hwrapper services-icon-block align_none valign_top\" style=\"--hwrapper-gap:1rem\"><div class=\"w-image services-icon align_none\"><div class=\"w-image-h\"><img loading=\"lazy\" decoding=\"async\" width=\"32\" height=\"26\" src=\"https:\/\/www.eskitransa.lt\/wp-content\/uploads\/2023\/02\/service-icon-house.svg\" class=\"attachment-full size-full\" alt=\"Greitai perve\u017eimai Europoje\" \/><\/div><\/div><div class=\"wpb_text_column\"><div class=\"wpb_wrapper\"><h4>Flexibilit\u00e4t<\/h4>\n<p>Der Fuhrpark des Unternehmens besteht aus 20 Lastwagen<\/p>\n<\/div><\/div><\/div><div class=\"w-hwrapper us_custom_0c897fc8 services-icon-block align_none valign_top\" style=\"--hwrapper-gap:1rem\"><div class=\"w-image services-icon align_none\"><div class=\"w-image-h\"><img loading=\"lazy\" decoding=\"async\" width=\"32\" height=\"26\" src=\"https:\/\/www.eskitransa.lt\/wp-content\/uploads\/2023\/02\/service-icon-cars.svg\" class=\"attachment-full size-full\" alt=\"Greitas perve\u017eimas Europoje\" \/><\/div><\/div><div class=\"wpb_text_column\"><div class=\"wpb_wrapper\"><h4>P\u00fcnktlichkeit<\/h4>\n<p>Wir transportieren rund 200 Fahrzeuge pro Tag<\/p>\n<\/div><\/div><\/div><div class=\"w-hwrapper us_custom_0c897fc8 services-icon-block align_none valign_top\" style=\"--hwrapper-gap:1rem\"><div class=\"w-image services-icon align_none\"><div class=\"w-image-h\"><img loading=\"lazy\" decoding=\"async\" width=\"32\" height=\"22\" src=\"https:\/\/www.eskitransa.lt\/wp-content\/uploads\/2023\/02\/service-icon-road.svg\" class=\"attachment-full size-full\" alt=\"Automobili\u0173 perve\u017eimas\" \/><\/div><\/div><div class=\"wpb_text_column\"><div class=\"wpb_wrapper\"><h4>Geschwindigkeit<\/h4>\n<p>Wir legen pro Tag etwa 10 000 Kilometer zur\u00fcck.<\/p>\n<\/div><\/div><\/div><div class=\"w-hwrapper us_custom_0c897fc8 services-icon-block align_none valign_top\" style=\"--hwrapper-gap:1rem\"><div class=\"w-image services-icon globe align_none\"><div class=\"w-image-h\"><img loading=\"lazy\" decoding=\"async\" width=\"32\" height=\"32\" src=\"https:\/\/www.eskitransa.lt\/wp-content\/uploads\/2023\/02\/service-icon-globe.svg\" class=\"attachment-full size-full\" alt=\"Perve\u017eimai visoje Europoje\" \/><\/div><\/div><div class=\"wpb_text_column\"><div class=\"wpb_wrapper\"><h4>Zuverl\u00e4sslichkeit<\/h4>\n<p>Wir transportieren jedes Jahr rund 20.000 Autos in ganz Europa<\/p>\n<\/div><\/div><\/div><\/div><\/div><\/div><\/div><\/div><\/div><\/div><\/div><\/div><\/section><section class=\"l-section wpb_row height_medium with_img\" id=\"Karrieren\"><div class=\"l-section-img\" style=\"background-image: url(https:\/\/www.eskitransa.lt\/wp-content\/uploads\/2023\/02\/eskitransa-career-bg.webp);background-repeat: no-repeat;\" data-img-width=\"1920\" data-img-height=\"490\"><\/div><div class=\"l-section-h i-cf\"><div class=\"g-cols vc_row via_flex valign_top type_default stacking_default\"><div class=\"vc_col-sm-12 wpb_column vc_column_container\"><div class=\"vc_column-inner\"><div class=\"wpb_wrapper\"><div class=\"g-cols wpb_row via_flex valign_top type_default stacking_default\"><div class=\"vc_col-sm-6 wpb_column vc_column_container\"><div class=\"vc_column-inner\"><div class=\"wpb_wrapper\"><div class=\"wpb_text_column us_custom_67cecdea us_animate_this\"><div class=\"wpb_wrapper\"><h2>Karriere<\/h2>\n<\/div><\/div><div class=\"wpb_text_column us_custom_d32aba87 has_text_color us_animate_this\"><div class=\"wpb_wrapper\"><h3>Treten Sie unserem Team bei<br \/>\nbei.<\/h3>\n<p>Wir sind immer auf der Suche nach motivierten Mitarbeitern, die nach Spitzenleistungen streben und unser Team verst\u00e4rken m\u00f6chten.<\/p>\n<\/div><\/div><div class=\"w-btn-wrapper align_none\"><a class=\"w-btn us-btn-style_1 us_custom_d8caf4e0 us_animate_this\" id=\"career-cv-trigger\" href=\"#CV\"><span class=\"w-btn-label\">Bitte sende deinen Lebenslauf<\/span><\/a><\/div><\/div><\/div><\/div><div class=\"vc_col-sm-6 wpb_column vc_column_container\"><div class=\"vc_column-inner\"><div class=\"wpb_wrapper\"><\/div><\/div><\/div><\/div><\/div><\/div><\/div><\/div><\/div><\/section><section class=\"l-section wpb_row us_custom_d6e78c69 height_medium\" id=\"\u00fcber-uns\"><div class=\"l-section-overlay\" style=\"background:rgba(255,255,255,0.95)\"><\/div><div class=\"l-section-h i-cf\"><div class=\"g-cols vc_row via_flex valign_top type_default stacking_default\"><div class=\"vc_col-sm-12 wpb_column vc_column_container\"><div class=\"vc_column-inner\"><div class=\"wpb_wrapper\"><div class=\"wpb_text_column us_custom_67cecdea us_animate_this\"><div class=\"wpb_wrapper\"><h2>\u00dcber uns<\/h2>\n<\/div><\/div><div class=\"g-cols wpb_row via_flex valign_top type_default stacking_default\"><div class=\"vc_col-sm-4 wpb_column vc_column_container\"><div class=\"vc_column-inner\"><div class=\"wpb_wrapper\"><div class=\"wpb_text_column us_custom_5f34439b\"><div class=\"wpb_wrapper\"><h3>Lass uns miteinander bekannt machen<\/h3>\n<\/div><\/div><\/div><\/div><\/div><div class=\"vc_col-sm-8 wpb_column vc_column_container\"><div class=\"vc_column-inner\"><div class=\"wpb_wrapper\"><div class=\"wpb_text_column us_custom_ff13c409 us_animate_this\"><div class=\"wpb_wrapper\"><p>\u201eEskitransa\u201c ist das Unternehmen, das seit 2018 im Logistik- und Transportbereich t\u00e4tig ist, setzt sich f\u00fcr eine p\u00fcnktliche Zustellung aller G\u00fcter ein. Wir bieten internationale Autotransportdienste in den L\u00e4ndern der Europ\u00e4ischen Union an. Unsere Kunden sind Automobilhersteller und deren Vertretungen sowie litauische Unternehmen, und das Unternehmen baut derzeit seinen Fuhrpark weiter aus. Der Fuhrpark des Unternehmens besteht aus Lastkraftwagen, die die Euro-5- und Euro-6-Norm erf\u00fcllen.<\/p>\n<\/div><\/div><\/div><\/div><\/div><\/div><\/div><\/div><\/div><\/div><\/div><\/section><section class=\"l-section wpb_row us_custom_421fb29a height_medium\" id=\"Kontakt\"><div class=\"l-section-overlay\" style=\"background:linear-gradient(180deg, #1A1A1A, rgba(26,26,26,0.95))\"><\/div><div class=\"l-section-h i-cf\"><div class=\"g-cols vc_row via_flex valign_top type_default stacking_default\"><div class=\"vc_col-sm-12 wpb_column vc_column_container\"><div class=\"vc_column-inner\"><div class=\"wpb_wrapper\"><div class=\"wpb_text_column us_custom_67cecdea us_animate_this\"><div class=\"wpb_wrapper\"><h2>KONTAKTE<\/h2>\n<\/div><\/div><div class=\"g-cols wpb_row via_flex valign_top type_default stacking_default\"><div class=\"vc_col-sm-4 wpb_column vc_column_container\"><div class=\"vc_column-inner\"><div class=\"wpb_wrapper\"><div class=\"wpb_text_column us_custom_6df4bc3a has_text_color\"><div class=\"wpb_wrapper\"><h3>Schreiben Sie uns<\/h3>\n<\/div><\/div><div class=\"wpb_text_column us_custom_19442b20 contact-details us_animate_this\"><div class=\"wpb_wrapper\"><p><strong>Buchungskreis<\/strong><br \/>\n304894180<\/p>\n<p><strong>MwSt.-Zahler-Code<\/strong><br \/>\nLT100011837417<\/p>\n<p><strong>Adresse<\/strong><br \/>\nPilies g. 3, Norkai\u010di\u0173 k., LT-72177 Taurag\u0117s r.<\/p>\n<p><strong>DUNS-Nummer: <\/strong><br \/>\n53-674-6224<\/p>\n<p><strong>Direktor<\/strong><br \/>\nHaroldas Eskis<\/p>\n<\/div><\/div><\/div><\/div><\/div><div class=\"vc_col-sm-8 wpb_column vc_column_container\"><div class=\"vc_column-inner\"><div class=\"wpb_wrapper\"><form class=\"w-form  us_custom_ff13c409 us_animate_this layout_ver for_cform us_form_1\" autocomplete=\"off\" action=\"https:\/\/www.eskitransa.lt\/de\/wp-json\/wp\/v2\/pages\/95\" method=\"post\"><div class=\"w-form-h\"><div class=\"w-form-row for_text has_label required cols_3\">\r\n\t\t\t<div class=\"w-form-row-label\">\r\n\t\t\t<span>VORNAME *<\/span>\r\n\t\t<\/div>\r\n\t\t<div class=\"w-form-row-field\">\r\n\t\t\t\t\t\t<input aria-label=\"VORNAME\" type=\"text\" name=\"us_form_1_text_1\" value placeholder data-required=\"true\" aria-required=\"true\"\/>\r\n\t\t\t<\/div>\r\n\t\t<div class=\"w-form-row-state\">Bitte f\u00fcllen Sie dieses Feld aus.<\/div>\r\n<\/div>\r\n<div class=\"w-form-row for_email has_label required cols_3\">\r\n\t\t\t<div class=\"w-form-row-label\">\r\n\t\t\t<span>E- MAIL-ADRESSE *<\/span>\r\n\t\t<\/div>\r\n\t\t<div class=\"w-form-row-field\">\r\n\t\t\t\t\t\t<input aria-label=\"E- MAIL-ADRESSE\" type=\"email\" name=\"us_form_1_email_1\" value placeholder data-required=\"true\" aria-required=\"true\"\/>\r\n\t\t\t<\/div>\r\n\t\t<div class=\"w-form-row-state\">Bitte gib eine g\u00fcltige E-Mail-Adresse ein.<\/div>\r\n<\/div>\r\n<div class=\"w-form-row for_text has_label required cols_3\">\r\n\t\t\t<div class=\"w-form-row-label\">\r\n\t\t\t<span>TELEFONNUMMER *<\/span>\r\n\t\t<\/div>\r\n\t\t<div class=\"w-form-row-field\">\r\n\t\t\t\t\t\t<input aria-label=\"TELEFONNUMMER\" inputmode=\"tel\" type=\"text\" name=\"us_form_1_text_2\" value placeholder data-required=\"true\" aria-required=\"true\"\/>\r\n\t\t\t<\/div>\r\n\t\t<div class=\"w-form-row-state\">Bitte f\u00fcllen Sie dieses Feld aus.<\/div>\r\n<\/div>\r\n<div class=\"w-form-row for_textarea has_label\">\r\n\t\t\t<div class=\"w-form-row-label\">\r\n\t\t\t<span>NACHRICHT<\/span>\r\n\t\t<\/div>\r\n\t\t<div class=\"w-form-row-field\">\r\n\t\t\t\t\t\t<textarea aria-label=\"NACHRICHT\" name=\"us_form_1_textarea_1\" placeholder><\/textarea>\r\n\t\t\t<\/div>\r\n\t\t<div class=\"w-form-row-state\">Bitte f\u00fcllen Sie dieses Feld aus.<\/div>\r\n<\/div>\r\n<div class=\"w-form-row for_agreement required\">\r\n\t\t<div class=\"w-form-row-field\">\r\n\t\t\t\t<label>\r\n\t\t\t<input type=\"checkbox\" class=\"screen-reader-text\" value=\"1\" data-required=\"true\" aria-required=\"true\" name=\"us_form_1_agreement_1\"\/>\r\n\t\t\t<span class=\"w-form-checkbox\"><\/span>\r\n\t\t\t<span>Ich stimme der Datenschutzerkl\u00e4rung und den Regeln zur Datenspeicherung zu.<\/span>\r\n\t\t<\/label>\r\n\t\t\t<\/div>\r\n\t\t<div class=\"w-form-row-state\">Sie m\u00fcssen den Bedingungen zustimmen, um fortzufahren.<\/div>\r\n<\/div>\r\n<input type=\"hidden\" name=\"action\" value=\"us_ajax_cform\" \/>\r\n<input type=\"hidden\" name=\"post_id\" value=\"0\" \/>\r\n<input type=\"hidden\" name=\"form_index\" value=\"1\" \/>\r\n<div class=\"w-form-row for_submit  align_none\">\r\n\t<button class=\"w-btn  us-btn-style_1\" aria-label=\"Nachricht senden\" type=\"submit\">\r\n\t\t<span class=\"g-preloader type_1\"><\/span>\r\n\t\t\t\t<span class=\"w-btn-label\">Nachricht senden<\/span>\r\n\t\t\t<\/button>\r\n\t<\/div>\r\n<\/div><div class=\"w-form-message\"><\/div><div class=\"w-form-json hidden\" onclick='return {&quot;ajaxurl&quot;:&quot;https:\\\/\\\/www.eskitransa.lt\\\/wp-admin\\\/admin-ajax.php&quot;,&quot;messages&quot;:{&quot;err_empty&quot;:&quot;Bitte f\\u00fcllen Sie dieses Feld aus.&quot;,&quot;err_size&quot;:&quot;Die Dateigr\\u00f6\\u00dfe darf %s MB nicht \\u00fcberschreiten&quot;,&quot;err_extension&quot;:&quot;Dateityp %s ist nicht zul\\u00e4ssig&quot;}}'><\/div><\/form><\/div><\/div><\/div><\/div><\/div><\/div><\/div><\/div><\/div><\/section><section class=\"l-section wpb_row us_custom_d6b9267d has_text_color height_auto\"><div class=\"l-section-h i-cf\"><div class=\"g-cols vc_row via_flex valign_top type_default stacking_default\"><div class=\"vc_col-sm-12 wpb_column vc_column_container\"><div class=\"vc_column-inner\"><div class=\"wpb_wrapper\"><div class=\"w-popup align_none\"><span class=\"w-popup-trigger type_selector\" data-selector=\"#career-cv-trigger\"><\/span><div class=\"w-popup-overlay\" style=\"background:rgba(0,0,0,0.85);\"><\/div><div class=\"w-popup-wrap\" style=\"--title-color:var(--color-content-heading);--title-bg-color:var(--color-content-bg-alt);--content-color:#ffffff;--content-bg-color:#333333\"><div class=\"w-popup-box animation_fadeIn closerpos_outside without_title\" style=\"width:600px;\"><div class=\"w-popup-box-h\"><div class=\"w-popup-box-content\" style=\"padding:5%;\"><section class=\"l-section wpb_row height_medium\"><div class=\"l-section-h i-cf\"><div class=\"g-cols vc_row via_flex valign_top type_default stacking_default\"><div class=\"vc_col-sm-12 wpb_column vc_column_container\"><div class=\"vc_column-inner\"><div class=\"wpb_wrapper\"><form class=\"w-form  layout_ver for_cform us_form_2\" autocomplete=\"off\" action=\"https:\/\/www.eskitransa.lt\/de\/wp-json\/wp\/v2\/pages\/95\" method=\"post\" enctype=\"multipart\/form-data\"><div class=\"w-form-h\"><div class=\"w-form-row for_text has_label required\">\r\n\t\t\t<div class=\"w-form-row-label\">\r\n\t\t\t<span>Ihr Name *<\/span>\r\n\t\t<\/div>\r\n\t\t<div class=\"w-form-row-field\">\r\n\t\t\t\t\t\t<input aria-label=\"Ihr Name\" type=\"text\" name=\"us_form_2_text_1\" value placeholder data-required=\"true\" aria-required=\"true\"\/>\r\n\t\t\t<\/div>\r\n\t\t<div class=\"w-form-row-state\">Bitte f\u00fcllen Sie dieses Feld aus.<\/div>\r\n<\/div>\r\n<div class=\"w-form-row for_email has_label required\">\r\n\t\t\t<div class=\"w-form-row-label\">\r\n\t\t\t<span>El. Postanschrift *<\/span>\r\n\t\t<\/div>\r\n\t\t<div class=\"w-form-row-field\">\r\n\t\t\t\t\t\t<input aria-label=\"El. Postanschrift\" type=\"email\" name=\"us_form_2_email_1\" value placeholder data-required=\"true\" aria-required=\"true\"\/>\r\n\t\t\t<\/div>\r\n\t\t<div class=\"w-form-row-state\">Bitte gib eine g\u00fcltige E-Mail-Adresse ein.<\/div>\r\n<\/div>\r\n<div class=\"w-form-row for_textarea has_label\">\r\n\t\t\t<div class=\"w-form-row-label\">\r\n\t\t\t<span>Nachricht an<\/span>\r\n\t\t<\/div>\r\n\t\t<div class=\"w-form-row-field\">\r\n\t\t\t\t\t\t<textarea aria-label=\"Nachricht an\" name=\"us_form_2_textarea_1\" placeholder><\/textarea>\r\n\t\t\t<\/div>\r\n\t\t<div class=\"w-form-row-state\">Bitte f\u00fcllen Sie dieses Feld aus.<\/div>\r\n<\/div>\r\n<div class=\"w-form-row for_file has_label required\">\r\n\t\t\t<div class=\"w-form-row-label\">\r\n\t\t\t<span>Ihr Lebenslauf *<\/span>\r\n\t\t<\/div>\r\n\t\t<div class=\"w-form-row-field\">\r\n\t\t\t\t\t\t<input aria-label=\"Ihr Lebenslauf\" type=\"file\" name=\"us_form_2_file_1\" accept=\".pdf,.jpg,.png\" data-std=\"10MB\" data-max_size=\"10\" data-required=\"true\" aria-required=\"true\"\/>\r\n\t\t\t<\/div>\r\n\t\t\t<div class=\"w-form-row-description\">\r\n\t\t\tVerf\u00fcgbare Formate: .pdf, .jpg, .png. Maximale Gr\u00f6\u00dfe: 10MB\t\t<\/div>\r\n\t\t<div class=\"w-form-row-state\">Bitte f\u00fcllen Sie dieses Feld aus.<\/div>\r\n<\/div>\r\n<input type=\"hidden\" name=\"action\" value=\"us_ajax_cform\" \/>\r\n<input type=\"hidden\" name=\"queried_object_id\" value=\"0\" \/>\r\n<input type=\"hidden\" name=\"post_id\" value=\"116\" \/>\r\n<input type=\"hidden\" name=\"form_index\" value=\"2\" \/>\r\n<div class=\"w-form-row for_submit  align_none\">\r\n\t<button class=\"w-btn  us-btn-style_1\" aria-label=\"Lebenslauf senden\" type=\"submit\">\r\n\t\t<span class=\"g-preloader type_1\"><\/span>\r\n\t\t\t\t<span class=\"w-btn-label\">Lebenslauf senden<\/span>\r\n\t\t\t<\/button>\r\n\t<\/div>\r\n<\/div><div class=\"w-form-message\"><\/div><div class=\"w-form-json hidden\" onclick='return {&quot;ajaxurl&quot;:&quot;https:\\\/\\\/www.eskitransa.lt\\\/wp-admin\\\/admin-ajax.php&quot;,&quot;messages&quot;:{&quot;err_empty&quot;:&quot;Bitte f\\u00fcllen Sie dieses Feld aus.&quot;,&quot;err_size&quot;:&quot;Die Dateigr\\u00f6\\u00dfe darf %s MB nicht \\u00fcberschreiten&quot;,&quot;err_extension&quot;:&quot;Dateityp %s ist nicht zul\\u00e4ssig&quot;}}'><\/div><\/form><\/div><\/div><\/div><\/div><\/div><\/section>\n<\/div><\/div><\/div><div class=\"w-popup-closer\" style=\"color:var(--color-content-primary);\"><\/div><\/div><\/div><div class=\"g-cols wpb_row us_custom_b45ec791 has_text_color via_flex valign_top type_default stacking_default\"><div class=\"vc_col-sm-6 wpb_column vc_column_container\"><div class=\"vc_column-inner\"><div class=\"wpb_wrapper\"><div class=\"wpb_text_column us_custom_558ec5ca\"><div class=\"wpb_wrapper\"><p>Alle Rechte vorbehalten \u00a9 2023 ESKITRANSA | <a href=\"https:\/\/www.eskitransa.lt\/de\/datenschutzbestimmungen\">Datenschutzbestimmungen<\/a><\/p>\n<\/div><\/div><\/div><\/div><\/div><div class=\"vc_col-sm-6 wpb_column vc_column_container\"><div class=\"vc_column-inner\"><div class=\"wpb_wrapper\"><div class=\"wpb_text_column us_custom_04c40667\"><div class=\"wpb_wrapper\"><p>Entwicklung von Websites | <a title=\"Entwicklung von Websites\" href=\"https:\/\/www.desamedia.lt\/paslaugos\/interneto-svetainiu-kurimas\">DESAmedia<\/a><\/p>\n<\/div><\/div><\/div><\/div><\/div><\/div><\/div><\/div><\/div><\/div><\/div><\/section>\n","protected":false},"excerpt":{"rendered":"Autotransport durch Europa Wir sorgen daf\u00fcr, dass Ihr Auto sicher und schnell transportiert wird Transport buchenLEISTUNGEN Autotransporte Wir bieten zuverl\u00e4ssige und effiziente Autotransportdienste in den europ\u00e4ischen L\u00e4ndern: Spanien, Frankreich, Belgien, die Niederlande, Deutschland, D\u00e4nemark, \u00d6sterreich, Tschechische Republik, Ungarn, die Slowakei, Polen und Litauen. Unser Expertenteam verf\u00fcgt \u00fcber langj\u00e4hrige Erfahrung in der Automobilbranche und liefert Fahrzeuge...","protected":false},"author":1,"featured_media":182,"parent":0,"menu_order":0,"comment_status":"closed","ping_status":"open","template":"","meta":{"footnotes":""},"_links":{"self":[{"href":"https:\/\/www.eskitransa.lt\/de\/wp-json\/wp\/v2\/pages\/95"}],"collection":[{"href":"https:\/\/www.eskitransa.lt\/de\/wp-json\/wp\/v2\/pages"}],"about":[{"href":"https:\/\/www.eskitransa.lt\/de\/wp-json\/wp\/v2\/types\/page"}],"author":[{"embeddable":true,"href":"https:\/\/www.eskitransa.lt\/de\/wp-json\/wp\/v2\/users\/1"}],"replies":[{"embeddable":true,"href":"https:\/\/www.eskitransa.lt\/de\/wp-json\/wp\/v2\/comments?post=95"}],"version-history":[{"count":37,"href":"https:\/\/www.eskitransa.lt\/de\/wp-json\/wp\/v2\/pages\/95\/revisions"}],"predecessor-version":[{"id":309,"href":"https:\/\/www.eskitransa.lt\/de\/wp-json\/wp\/v2\/pages\/95\/revisions\/309"}],"wp:featuredmedia":[{"embeddable":true,"href":"https:\/\/www.eskitransa.lt\/de\/wp-json\/wp\/v2\/media\/182"}],"wp:attachment":[{"href":"https:\/\/www.eskitransa.lt\/de\/wp-json\/wp\/v2\/media?parent=95"}],"curies":[{"name":"wp","href":"https:\/\/api.w.org\/{rel}","templated":true}]}}