{"id":96,"date":"2023-02-06T09:01:34","date_gmt":"2023-02-06T09:01:34","guid":{"rendered":"https:\/\/www.eskitransa.lt\/exemple-de-page"},"modified":"2025-07-17T05:51:06","modified_gmt":"2025-07-17T05:51:06","slug":"exemple-de-page","status":"publish","type":"page","link":"https:\/\/www.eskitransa.lt\/fr","title":{"rendered":"Transport de voitures \u00e0 travers l&rsquo;Europe"},"content":{"rendered":"<section class=\"l-section wpb_row height_medium with_img\"><div class=\"l-section-img\" style=\"background-image: url(https:\/\/www.eskitransa.lt\/wp-content\/uploads\/2024\/02\/eskitransa-home-hero.webp);background-repeat: no-repeat;\" data-img-width=\"1400\" data-img-height=\"440\"><\/div><div class=\"l-section-h i-cf\"><div class=\"g-cols vc_row via_flex valign_middle type_default stacking_default\"><div class=\"vc_col-sm-12 wpb_column vc_column_container\"><div class=\"vc_column-inner\"><div class=\"wpb_wrapper\"><div class=\"g-cols wpb_row us_custom_0d54facf via_flex valign_middle type_default stacking_default\"><div class=\"vc_col-sm-12 wpb_column vc_column_container\"><div class=\"vc_column-inner\"><div class=\"wpb_wrapper\"><div class=\"wpb_text_column us_custom_adc03cf5 has_text_color us_animate_this\"><div class=\"wpb_wrapper\"><h1>Exp\u00e9dition de voitures<br \/>\ndans toute l&rsquo;Europe<\/h1>\n<p>Nous veillerons \u00e0 ce que votre voiture soit transport\u00e9e rapidement et en toute s\u00e9curit\u00e9.<\/p>\n<\/div><\/div><div class=\"w-btn-wrapper align_none\"><a class=\"w-btn us-btn-style_1 us_custom_d8caf4e0 us_animate_this\" href=\"#k\"><span class=\"w-btn-label\">Commander le transport du v\u00e9hicule<\/span><\/a><\/div><\/div><\/div><\/div><\/div><\/div><\/div><\/div><\/div><\/div><\/section><section class=\"l-section wpb_row us_custom_e5abc120 height_medium\" id=\"services\"><div class=\"l-section-overlay\" style=\"background:rgba(255,255,255,0.95)\"><\/div><div class=\"l-section-h i-cf\"><div class=\"g-cols vc_row via_flex valign_top type_default stacking_default\"><div class=\"vc_col-sm-12 wpb_column vc_column_container\"><div class=\"vc_column-inner\"><div class=\"wpb_wrapper\"><div class=\"wpb_text_column us_custom_67cecdea us_animate_this\"><div class=\"wpb_wrapper\"><h2>PRESTATIONS DE SERVICE<\/h2>\n<\/div><\/div><div class=\"g-cols wpb_row via_flex valign_top type_default stacking_default\"><div class=\"vc_col-sm-8 wpb_column vc_column_container\"><div class=\"vc_column-inner\"><div class=\"wpb_wrapper\"><div class=\"wpb_text_column us_custom_4ef5d869 us_animate_this\"><div class=\"wpb_wrapper\"><h3>Services de transport de v\u00e9hicules<\/h3>\n<p>Nous vous proposons des services de transport de v\u00e9hicules fiables et efficaces dans plusieurs pays europ\u00e9ens : Espagne, France, Belgique, Pays-Bas, Allemagne, Danemark, Autriche, Tch\u00e9quie, Hongrie, Slovaquie, Pologne, Lituanie.<\/p>\n<p>Notre \u00e9quipe d&rsquo;experts a plusieurs ann\u00e9es d&rsquo;exp\u00e9rience dans l&rsquo;industrie automobile, notamment dans la livraison des voitures aux concessionnaires, aux ench\u00e8res et aux particuliers. Pour assurer le transport en toute s\u00e9curit\u00e9 nous disposons des \u00e9quipements et des moyens de transport fiables et s\u00e9curitaires.<\/p>\n<p>Nous offrons des solutions flexibles et \u00e9conomiques pour d\u00e9placer une seule voiture ou toute la flotte. Contactez-nous aujourd&rsquo;hui et nous transporterons votre v\u00e9hicule \u00e0 la destination pr\u00e9cis\u00e9e sans aucun stress.<\/p>\n<\/div><\/div><\/div><\/div><\/div><div class=\"vc_col-sm-4 wpb_column vc_column_container\"><div class=\"vc_column-inner us_custom_ff13c409 us_animate_this\"><div class=\"wpb_wrapper\"><div class=\"w-hwrapper services-icon-block align_none valign_top\" style=\"--hwrapper-gap:1rem\"><div class=\"w-image services-icon align_none\"><div class=\"w-image-h\"><img loading=\"lazy\" decoding=\"async\" width=\"32\" height=\"26\" src=\"https:\/\/www.eskitransa.lt\/wp-content\/uploads\/2023\/02\/service-icon-house.svg\" class=\"attachment-full size-full\" alt=\"Greitai perve\u017eimai Europoje\" \/><\/div><\/div><div class=\"wpb_text_column\"><div class=\"wpb_wrapper\"><h4>Flexibilit\u00e9<\/h4>\n<p>La flotte de notre entreprise se compose de 20 tracteurs routiers<\/p>\n<\/div><\/div><\/div><div class=\"w-hwrapper us_custom_0c897fc8 services-icon-block align_none valign_top\" style=\"--hwrapper-gap:1rem\"><div class=\"w-image services-icon align_none\"><div class=\"w-image-h\"><img loading=\"lazy\" decoding=\"async\" width=\"32\" height=\"26\" src=\"https:\/\/www.eskitransa.lt\/wp-content\/uploads\/2023\/02\/service-icon-cars.svg\" class=\"attachment-full size-full\" alt=\"Greitas perve\u017eimas Europoje\" \/><\/div><\/div><div class=\"wpb_text_column\"><div class=\"wpb_wrapper\"><h4>Ponctualit\u00e9<\/h4>\n<p>Nous transportons environ 200 voitures par jour<\/p>\n<\/div><\/div><\/div><div class=\"w-hwrapper us_custom_0c897fc8 services-icon-block align_none valign_top\" style=\"--hwrapper-gap:1rem\"><div class=\"w-image services-icon align_none\"><div class=\"w-image-h\"><img loading=\"lazy\" decoding=\"async\" width=\"32\" height=\"22\" src=\"https:\/\/www.eskitransa.lt\/wp-content\/uploads\/2023\/02\/service-icon-road.svg\" class=\"attachment-full size-full\" alt=\"Automobili\u0173 perve\u017eimas\" \/><\/div><\/div><div class=\"wpb_text_column\"><div class=\"wpb_wrapper\"><h4>Vitesse<\/h4>\n<p>Nous faisons environ 10 000 kilom\u00e8tres par jour<\/p>\n<\/div><\/div><\/div><div class=\"w-hwrapper us_custom_0c897fc8 services-icon-block align_none valign_top\" style=\"--hwrapper-gap:1rem\"><div class=\"w-image services-icon globe align_none\"><div class=\"w-image-h\"><img loading=\"lazy\" decoding=\"async\" width=\"32\" height=\"32\" src=\"https:\/\/www.eskitransa.lt\/wp-content\/uploads\/2023\/02\/service-icon-globe.svg\" class=\"attachment-full size-full\" alt=\"Perve\u017eimai visoje Europoje\" \/><\/div><\/div><div class=\"wpb_text_column\"><div class=\"wpb_wrapper\"><h4>Fiabilit\u00e9<\/h4>\n<p>Nous transportons environ 20 000 voitures partout en Europe chaque ann\u00e9e<\/p>\n<\/div><\/div><\/div><\/div><\/div><\/div><\/div><\/div><\/div><\/div><\/div><\/div><\/section><section class=\"l-section wpb_row height_medium with_img\" id=\"carri\u00e8res\"><div class=\"l-section-img\" style=\"background-image: url(https:\/\/www.eskitransa.lt\/wp-content\/uploads\/2023\/02\/eskitransa-career-bg.webp);background-repeat: no-repeat;\" data-img-width=\"1920\" data-img-height=\"490\"><\/div><div class=\"l-section-h i-cf\"><div class=\"g-cols vc_row via_flex valign_top type_default stacking_default\"><div class=\"vc_col-sm-12 wpb_column vc_column_container\"><div class=\"vc_column-inner\"><div class=\"wpb_wrapper\"><div class=\"g-cols wpb_row via_flex valign_top type_default stacking_default\"><div class=\"vc_col-sm-6 wpb_column vc_column_container\"><div class=\"vc_column-inner\"><div class=\"wpb_wrapper\"><div class=\"wpb_text_column us_custom_67cecdea us_animate_this\"><div class=\"wpb_wrapper\"><h2>Carri\u00e8re<\/h2>\n<\/div><\/div><div class=\"wpb_text_column us_custom_d32aba87 has_text_color us_animate_this\"><div class=\"wpb_wrapper\"><h3>Rejoignez notre \u00e9quipe \u00e0 l&rsquo;adresse<br \/>\n<\/h3>\n<p>Nous sommes toujours \u00e0 la recherche de membres d&rsquo;\u00e9quipe motiv\u00e9s et performants qui aimeraient rejoindre notre \u00e9quipe.<\/p>\n<\/div><\/div><div class=\"w-btn-wrapper align_none\"><a class=\"w-btn us-btn-style_1 us_custom_d8caf4e0 us_animate_this\" id=\"career-cv-trigger\" href=\"#CV\"><span class=\"w-btn-label\">Envoyez votre CV<\/span><\/a><\/div><\/div><\/div><\/div><div class=\"vc_col-sm-6 wpb_column vc_column_container\"><div class=\"vc_column-inner\"><div class=\"wpb_wrapper\"><\/div><\/div><\/div><\/div><\/div><\/div><\/div><\/div><\/div><\/section><section class=\"l-section wpb_row us_custom_d6e78c69 height_medium\" id=\"\u00e0 propos de nous\"><div class=\"l-section-overlay\" style=\"background:rgba(255,255,255,0.95)\"><\/div><div class=\"l-section-h i-cf\"><div class=\"g-cols vc_row via_flex valign_top type_default stacking_default\"><div class=\"vc_col-sm-12 wpb_column vc_column_container\"><div class=\"vc_column-inner\"><div class=\"wpb_wrapper\"><div class=\"wpb_text_column us_custom_67cecdea us_animate_this\"><div class=\"wpb_wrapper\"><h2>QUI SOMMES-NOUS ?<\/h2>\n<\/div><\/div><div class=\"g-cols wpb_row via_flex valign_top type_default stacking_default\"><div class=\"vc_col-sm-4 wpb_column vc_column_container\"><div class=\"vc_column-inner\"><div class=\"wpb_wrapper\"><div class=\"wpb_text_column us_custom_5f34439b\"><div class=\"wpb_wrapper\"><h3>Faisons plus ample connaissance<\/h3>\n<\/div><\/div><\/div><\/div><\/div><div class=\"vc_col-sm-8 wpb_column vc_column_container\"><div class=\"vc_column-inner\"><div class=\"wpb_wrapper\"><div class=\"wpb_text_column us_custom_ff13c409 us_animate_this\"><div class=\"wpb_wrapper\"><p>Depuis 2018, la soci\u00e9t\u00e9 \u00ab Eskitransa \u00bb, d\u00e9veloppant ses activit\u00e9s dans le secteur de la logistique et du transport, est guid\u00e9e par le principe de la livraison \u00e0 temps de toutes les marchandises. Nous proposons des services de transport international de voitures dans les pays de l&rsquo;Union europ\u00e9enne. Nos clients sont des constructeurs automobiles et leurs concessionnaires, des entreprises lituaniennes. Actuellement, notre entreprise est en train d&rsquo;\u00e9largir sa flotte de camions porte-voitures. La flotte de l&rsquo;entreprise se compose de camions porte-voitures conformes aux normes Euro 5 et Euro 6.<\/p>\n<\/div><\/div><\/div><\/div><\/div><\/div><\/div><\/div><\/div><\/div><\/div><\/section><section class=\"l-section wpb_row us_custom_421fb29a height_medium\" id=\"Contact\"><div class=\"l-section-overlay\" style=\"background:linear-gradient(180deg, #1A1A1A, rgba(26,26,26,0.95))\"><\/div><div class=\"l-section-h i-cf\"><div class=\"g-cols vc_row via_flex valign_top type_default stacking_default\"><div class=\"vc_col-sm-12 wpb_column vc_column_container\"><div class=\"vc_column-inner\"><div class=\"wpb_wrapper\"><div class=\"wpb_text_column us_custom_67cecdea us_animate_this\"><div class=\"wpb_wrapper\"><h2>Informations de contact<\/h2>\n<\/div><\/div><div class=\"g-cols wpb_row via_flex valign_top type_default stacking_default\"><div class=\"vc_col-sm-4 wpb_column vc_column_container\"><div class=\"vc_column-inner\"><div class=\"wpb_wrapper\"><div class=\"wpb_text_column us_custom_6df4bc3a has_text_color\"><div class=\"wpb_wrapper\"><h3>\u00c9crivez-nous<\/h3>\n<\/div><\/div><div class=\"wpb_text_column us_custom_19442b20 contact-details us_animate_this\"><div class=\"wpb_wrapper\"><p><strong>Code de l&rsquo;entreprise<\/strong><br \/>\n304894180<\/p>\n<p><strong>Code payeur TVA<\/strong><br \/>\nLT100011837417<\/p>\n<p><strong>Adresse<\/strong><br \/>\nPilies g. 3, Norkai\u010di\u0173 k., LT-72177 Taurag\u0117s r.<\/p>\n<p><strong>Num\u00e9ro DUNS : <\/strong><br \/>\n53-674-6224<\/p>\n<p><strong>Directeur<\/strong><br \/>\nHaroldas Eskis<\/p>\n<\/div><\/div><\/div><\/div><\/div><div class=\"vc_col-sm-8 wpb_column vc_column_container\"><div class=\"vc_column-inner\"><div class=\"wpb_wrapper\"><form class=\"w-form  us_custom_ff13c409 us_animate_this layout_ver for_cform us_form_1\" autocomplete=\"off\" action=\"https:\/\/www.eskitransa.lt\/fr\/wp-json\/wp\/v2\/pages\/96\" method=\"post\"><div class=\"w-form-h\"><div class=\"w-form-row for_text has_label required cols_3\">\r\n\t\t\t<div class=\"w-form-row-label\">\r\n\t\t\t<span>PR\u00c9NOM *<\/span>\r\n\t\t<\/div>\r\n\t\t<div class=\"w-form-row-field\">\r\n\t\t\t\t\t\t<input aria-label=\"PR\u00c9NOM\" type=\"text\" name=\"us_form_1_text_1\" value placeholder data-required=\"true\" aria-required=\"true\"\/>\r\n\t\t\t<\/div>\r\n\t\t<div class=\"w-form-row-state\">Vous devez remplir ce champ<\/div>\r\n<\/div>\r\n<div class=\"w-form-row for_email has_label required cols_3\">\r\n\t\t\t<div class=\"w-form-row-label\">\r\n\t\t\t<span>E- mail *<\/span>\r\n\t\t<\/div>\r\n\t\t<div class=\"w-form-row-field\">\r\n\t\t\t\t\t\t<input aria-label=\"E- mail\" type=\"email\" name=\"us_form_1_email_1\" value placeholder data-required=\"true\" aria-required=\"true\"\/>\r\n\t\t\t<\/div>\r\n\t\t<div class=\"w-form-row-state\">Veuillez saisir une adresse e-mail valide.<\/div>\r\n<\/div>\r\n<div class=\"w-form-row for_text has_label required cols_3\">\r\n\t\t\t<div class=\"w-form-row-label\">\r\n\t\t\t<span>Num\u00e9ro de t\u00e9l\u00e9phone *<\/span>\r\n\t\t<\/div>\r\n\t\t<div class=\"w-form-row-field\">\r\n\t\t\t\t\t\t<input aria-label=\"Num\u00e9ro de t\u00e9l\u00e9phone\" inputmode=\"tel\" type=\"text\" name=\"us_form_1_text_2\" value placeholder data-required=\"true\" aria-required=\"true\"\/>\r\n\t\t\t<\/div>\r\n\t\t<div class=\"w-form-row-state\">Vous devez remplir ce champ<\/div>\r\n<\/div>\r\n<div class=\"w-form-row for_textarea has_label\">\r\n\t\t\t<div class=\"w-form-row-label\">\r\n\t\t\t<span>VOTRE MESSAGE<\/span>\r\n\t\t<\/div>\r\n\t\t<div class=\"w-form-row-field\">\r\n\t\t\t\t\t\t<textarea aria-label=\"VOTRE MESSAGE\" name=\"us_form_1_textarea_1\" placeholder><\/textarea>\r\n\t\t\t<\/div>\r\n\t\t<div class=\"w-form-row-state\">Vous devez remplir ce champ<\/div>\r\n<\/div>\r\n<div class=\"w-form-row for_agreement required\">\r\n\t\t<div class=\"w-form-row-field\">\r\n\t\t\t\t<label>\r\n\t\t\t<input type=\"checkbox\" class=\"screen-reader-text\" value=\"1\" data-required=\"true\" aria-required=\"true\" name=\"us_form_1_agreement_1\"\/>\r\n\t\t\t<span class=\"w-form-checkbox\"><\/span>\r\n\t\t\t<span>J'accepte la politique de confidentialit\u00e9 et de traitement des donn\u00e9es<\/span>\r\n\t\t<\/label>\r\n\t\t\t<\/div>\r\n\t\t<div class=\"w-form-row-state\">Vous devez accepter les conditions pour continuer<\/div>\r\n<\/div>\r\n<input type=\"hidden\" name=\"action\" value=\"us_ajax_cform\" \/>\r\n<input type=\"hidden\" name=\"post_id\" value=\"0\" \/>\r\n<input type=\"hidden\" name=\"form_index\" value=\"1\" \/>\r\n<div class=\"w-form-row for_submit  align_none\">\r\n\t<button class=\"w-btn  us-btn-style_1\" aria-label=\"Envoyer une demande\" type=\"submit\">\r\n\t\t<span class=\"g-preloader type_1\"><\/span>\r\n\t\t\t\t<span class=\"w-btn-label\">Envoyer une demande<\/span>\r\n\t\t\t<\/button>\r\n\t<\/div>\r\n<\/div><div class=\"w-form-message\"><\/div><div class=\"w-form-json hidden\" onclick='return {&quot;ajaxurl&quot;:&quot;https:\\\/\\\/www.eskitransa.lt\\\/wp-admin\\\/admin-ajax.php&quot;,&quot;messages&quot;:{&quot;err_empty&quot;:&quot;Vous devez remplir ce champ&quot;,&quot;err_size&quot;:&quot;La taille du fichier ne peut pas d\\u00e9passer %s Mo&quot;,&quot;err_extension&quot;:&quot;Le type de fichier %s n&#039;est pas autoris\\u00e9&quot;}}'><\/div><\/form><\/div><\/div><\/div><\/div><\/div><\/div><\/div><\/div><\/div><\/section><section class=\"l-section wpb_row us_custom_d6b9267d has_text_color height_auto\"><div class=\"l-section-h i-cf\"><div class=\"g-cols vc_row via_flex valign_top type_default stacking_default\"><div class=\"vc_col-sm-12 wpb_column vc_column_container\"><div class=\"vc_column-inner\"><div class=\"wpb_wrapper\"><div class=\"w-popup align_none\"><span class=\"w-popup-trigger type_selector\" data-selector=\"#career-cv-trigger\"><\/span><div class=\"w-popup-overlay\" style=\"background:rgba(0,0,0,0.85);\"><\/div><div class=\"w-popup-wrap\" style=\"--title-color:var(--color-content-heading);--title-bg-color:var(--color-content-bg-alt);--content-color:#ffffff;--content-bg-color:#333333\"><div class=\"w-popup-box animation_fadeIn closerpos_outside without_title\" style=\"width:600px;\"><div class=\"w-popup-box-h\"><div class=\"w-popup-box-content\" style=\"padding:5%;\"><section class=\"l-section wpb_row height_medium\"><div class=\"l-section-h i-cf\"><div class=\"g-cols vc_row via_flex valign_top type_default stacking_default\"><div class=\"vc_col-sm-12 wpb_column vc_column_container\"><div class=\"vc_column-inner\"><div class=\"wpb_wrapper\"><form class=\"w-form  layout_ver for_cform us_form_2\" autocomplete=\"off\" action=\"https:\/\/www.eskitransa.lt\/fr\/wp-json\/wp\/v2\/pages\/96\" method=\"post\" enctype=\"multipart\/form-data\"><div class=\"w-form-h\"><div class=\"w-form-row for_text has_label required\">\r\n\t\t\t<div class=\"w-form-row-label\">\r\n\t\t\t<span>Votre nom *<\/span>\r\n\t\t<\/div>\r\n\t\t<div class=\"w-form-row-field\">\r\n\t\t\t\t\t\t<input aria-label=\"Votre nom\" type=\"text\" name=\"us_form_2_text_1\" value placeholder data-required=\"true\" aria-required=\"true\"\/>\r\n\t\t\t<\/div>\r\n\t\t<div class=\"w-form-row-state\">Vous devez remplir ce champ<\/div>\r\n<\/div>\r\n<div class=\"w-form-row for_email has_label required\">\r\n\t\t\t<div class=\"w-form-row-label\">\r\n\t\t\t<span>El. adresse postale *<\/span>\r\n\t\t<\/div>\r\n\t\t<div class=\"w-form-row-field\">\r\n\t\t\t\t\t\t<input aria-label=\"El. adresse postale\" type=\"email\" name=\"us_form_2_email_1\" value placeholder data-required=\"true\" aria-required=\"true\"\/>\r\n\t\t\t<\/div>\r\n\t\t<div class=\"w-form-row-state\">Veuillez saisir une adresse e-mail valide.<\/div>\r\n<\/div>\r\n<div class=\"w-form-row for_textarea has_label\">\r\n\t\t\t<div class=\"w-form-row-label\">\r\n\t\t\t<span>Message \u00e0<\/span>\r\n\t\t<\/div>\r\n\t\t<div class=\"w-form-row-field\">\r\n\t\t\t\t\t\t<textarea aria-label=\"Message \u00e0\" name=\"us_form_2_textarea_1\" placeholder><\/textarea>\r\n\t\t\t<\/div>\r\n\t\t<div class=\"w-form-row-state\">Vous devez remplir ce champ<\/div>\r\n<\/div>\r\n<div class=\"w-form-row for_file has_label required\">\r\n\t\t\t<div class=\"w-form-row-label\">\r\n\t\t\t<span>Votre CV *<\/span>\r\n\t\t<\/div>\r\n\t\t<div class=\"w-form-row-field\">\r\n\t\t\t\t\t\t<input aria-label=\"Votre CV\" type=\"file\" name=\"us_form_2_file_1\" accept=\".pdf,.jpg,.png\" data-std=\"10MB\" data-max_size=\"10\" data-required=\"true\" aria-required=\"true\"\/>\r\n\t\t\t<\/div>\r\n\t\t\t<div class=\"w-form-row-description\">\r\n\t\t\tFormats disponibles : .pdf, .jpg, .png. Taille maximale : 10MB\t\t<\/div>\r\n\t\t<div class=\"w-form-row-state\">Vous devez remplir ce champ<\/div>\r\n<\/div>\r\n<input type=\"hidden\" name=\"action\" value=\"us_ajax_cform\" \/>\r\n<input type=\"hidden\" name=\"queried_object_id\" value=\"0\" \/>\r\n<input type=\"hidden\" name=\"post_id\" value=\"117\" \/>\r\n<input type=\"hidden\" name=\"form_index\" value=\"2\" \/>\r\n<div class=\"w-form-row for_submit  align_none\">\r\n\t<button class=\"w-btn  us-btn-style_1\" aria-label=\"Envoyer le CV\" type=\"submit\">\r\n\t\t<span class=\"g-preloader type_1\"><\/span>\r\n\t\t\t\t<span class=\"w-btn-label\">Envoyer le CV<\/span>\r\n\t\t\t<\/button>\r\n\t<\/div>\r\n<\/div><div class=\"w-form-message\"><\/div><div class=\"w-form-json hidden\" onclick='return {&quot;ajaxurl&quot;:&quot;https:\\\/\\\/www.eskitransa.lt\\\/wp-admin\\\/admin-ajax.php&quot;,&quot;messages&quot;:{&quot;err_empty&quot;:&quot;Vous devez remplir ce champ&quot;,&quot;err_size&quot;:&quot;La taille du fichier ne peut pas d\\u00e9passer %s Mo&quot;,&quot;err_extension&quot;:&quot;Le type de fichier %s n&#039;est pas autoris\\u00e9&quot;}}'><\/div><\/form><\/div><\/div><\/div><\/div><\/div><\/section>\n<\/div><\/div><\/div><div class=\"w-popup-closer\" style=\"color:var(--color-content-primary);\"><\/div><\/div><\/div><div class=\"g-cols wpb_row us_custom_b45ec791 has_text_color via_flex valign_top type_default stacking_default\"><div class=\"vc_col-sm-6 wpb_column vc_column_container\"><div class=\"vc_column-inner\"><div class=\"wpb_wrapper\"><div class=\"wpb_text_column us_custom_558ec5ca\"><div class=\"wpb_wrapper\"><p>Tous droits r\u00e9serv\u00e9s \u00a9 2023 ESKITRANSA | <a href=\"https:\/\/www.eskitransa.lt\/fr\/politique-de-confidentialite\">Politique de confidentialit\u00e9<\/a><\/p>\n<\/div><\/div><\/div><\/div><\/div><div class=\"vc_col-sm-6 wpb_column vc_column_container\"><div class=\"vc_column-inner\"><div class=\"wpb_wrapper\"><div class=\"wpb_text_column us_custom_04c40667\"><div class=\"wpb_wrapper\"><p>D\u00e9veloppement web | <a title=\"D\u00e9veloppement de sites web\" href=\"https:\/\/www.desamedia.lt\/paslaugos\/interneto-svetainiu-kurimas\">DESAmedia<\/a><\/p>\n<\/div><\/div><\/div><\/div><\/div><\/div><\/div><\/div><\/div><\/div><\/div><\/section>\n","protected":false},"excerpt":{"rendered":"Exp\u00e9dition de voitures dans toute l&rsquo;Europe Nous veillerons \u00e0 ce que votre voiture soit transport\u00e9e rapidement et en toute s\u00e9curit\u00e9. Commander le transport du v\u00e9hiculePRESTATIONS DE SERVICE Services de transport de v\u00e9hicules Nous vous proposons des services de transport de v\u00e9hicules fiables et efficaces dans plusieurs pays europ\u00e9ens : Espagne, France, Belgique, Pays-Bas, Allemagne, Danemark,...","protected":false},"author":1,"featured_media":181,"parent":0,"menu_order":0,"comment_status":"closed","ping_status":"open","template":"","meta":{"footnotes":""},"_links":{"self":[{"href":"https:\/\/www.eskitransa.lt\/fr\/wp-json\/wp\/v2\/pages\/96"}],"collection":[{"href":"https:\/\/www.eskitransa.lt\/fr\/wp-json\/wp\/v2\/pages"}],"about":[{"href":"https:\/\/www.eskitransa.lt\/fr\/wp-json\/wp\/v2\/types\/page"}],"author":[{"embeddable":true,"href":"https:\/\/www.eskitransa.lt\/fr\/wp-json\/wp\/v2\/users\/1"}],"replies":[{"embeddable":true,"href":"https:\/\/www.eskitransa.lt\/fr\/wp-json\/wp\/v2\/comments?post=96"}],"version-history":[{"count":39,"href":"https:\/\/www.eskitransa.lt\/fr\/wp-json\/wp\/v2\/pages\/96\/revisions"}],"predecessor-version":[{"id":305,"href":"https:\/\/www.eskitransa.lt\/fr\/wp-json\/wp\/v2\/pages\/96\/revisions\/305"}],"wp:featuredmedia":[{"embeddable":true,"href":"https:\/\/www.eskitransa.lt\/fr\/wp-json\/wp\/v2\/media\/181"}],"wp:attachment":[{"href":"https:\/\/www.eskitransa.lt\/fr\/wp-json\/wp\/v2\/media?parent=96"}],"curies":[{"name":"wp","href":"https:\/\/api.w.org\/{rel}","templated":true}]}}