{"id":103,"date":"2023-02-06T09:01:34","date_gmt":"2023-02-06T09:01:34","guid":{"rendered":"https:\/\/www.eskitransa.lt\/przykladowa-strona"},"modified":"2025-07-17T05:51:07","modified_gmt":"2025-07-17T05:51:07","slug":"przykladowa-strona","status":"publish","type":"page","link":"https:\/\/www.eskitransa.lt\/pl","title":{"rendered":"Transport samochodowy w ca\u0142ej Europie"},"content":{"rendered":"<section class=\"l-section wpb_row height_medium with_img\"><div class=\"l-section-img\" style=\"background-image: url(https:\/\/www.eskitransa.lt\/wp-content\/uploads\/2024\/02\/eskitransa-home-hero.webp);background-repeat: no-repeat;\" data-img-width=\"1400\" data-img-height=\"440\"><\/div><div class=\"l-section-h i-cf\"><div class=\"g-cols vc_row via_flex valign_middle type_default stacking_default\"><div class=\"vc_col-sm-12 wpb_column vc_column_container\"><div class=\"vc_column-inner\"><div class=\"wpb_wrapper\"><div class=\"g-cols wpb_row us_custom_0d54facf via_flex valign_middle type_default stacking_default\"><div class=\"vc_col-sm-12 wpb_column vc_column_container\"><div class=\"vc_column-inner\"><div class=\"wpb_wrapper\"><div class=\"wpb_text_column us_custom_adc03cf5 has_text_color us_animate_this\"><div class=\"wpb_wrapper\"><h1>Wysy\u0142ka samochod\u00f3w<br \/>\nw ca\u0142ej Europie<\/h1>\n<p>Zapewnimy bezpieczny i szybki transport samochodu<\/p>\n<\/div><\/div><div class=\"w-btn-wrapper align_none\"><a class=\"w-btn us-btn-style_1 us_custom_d8caf4e0 us_animate_this\" href=\"#k\"><span class=\"w-btn-label\">Zarezerwuj transfer<\/span><\/a><\/div><\/div><\/div><\/div><\/div><\/div><\/div><\/div><\/div><\/div><\/section><section class=\"l-section wpb_row us_custom_e5abc120 height_medium\" id=\"us\u0142ugi\"><div class=\"l-section-overlay\" style=\"background:rgba(255,255,255,0.95)\"><\/div><div class=\"l-section-h i-cf\"><div class=\"g-cols vc_row via_flex valign_top type_default stacking_default\"><div class=\"vc_col-sm-12 wpb_column vc_column_container\"><div class=\"vc_column-inner\"><div class=\"wpb_wrapper\"><div class=\"wpb_text_column us_custom_67cecdea us_animate_this\"><div class=\"wpb_wrapper\"><h2>Us\u0142ugi<\/h2>\n<\/div><\/div><div class=\"g-cols wpb_row via_flex valign_top type_default stacking_default\"><div class=\"vc_col-sm-8 wpb_column vc_column_container\"><div class=\"vc_column-inner\"><div class=\"wpb_wrapper\"><div class=\"wpb_text_column us_custom_4ef5d869 us_animate_this\"><div class=\"wpb_wrapper\"><h3>Us\u0142ugi transportu samochodowego<\/h3>\n<p>Oferujemy rzetelne i sprawne us\u0142ugi transportu samochodowego w krajach europejskich: Hiszpania, Francja, Belgia, Holandia, Niemcy, Dania, Austria, Czechy, W\u0119gry, S\u0142owacja, Polska, Litwa.<\/p>\n<p>Nasz zesp\u00f3\u0142 ekspert\u00f3w posiada wieloletnie do\u015bwiadczenie w bran\u017cy motoryzacyjnej, dostarczaj\u0105c samochody do salon\u00f3w dealerskich, na aukcje oraz do klient\u00f3w prywatnych. Aby zapewni\u0107 bezpieczny transport, korzystamy ze sprawdzonego i bezpiecznego sprz\u0119tu oraz pojazd\u00f3w.<\/p>\n<p>Oferujemy elastyczne i op\u0142acalne rozwi\u0105zania w zakresie relokacji pojedynczego samochodu lub ca\u0142ej floty samochod\u00f3w. Skontaktuj si\u0119 z nami ju\u017c dzi\u015b, aby bezstresowo przetransportowa\u0107 sw\u00f3j pojazd we wskazane miejsce.<\/p>\n<\/div><\/div><\/div><\/div><\/div><div class=\"vc_col-sm-4 wpb_column vc_column_container\"><div class=\"vc_column-inner us_custom_ff13c409 us_animate_this\"><div class=\"wpb_wrapper\"><div class=\"w-hwrapper services-icon-block align_none valign_top\" style=\"--hwrapper-gap:1rem\"><div class=\"w-image services-icon align_none\"><div class=\"w-image-h\"><img loading=\"lazy\" decoding=\"async\" width=\"32\" height=\"26\" src=\"https:\/\/www.eskitransa.lt\/wp-content\/uploads\/2023\/02\/service-icon-house.svg\" class=\"attachment-full size-full\" alt=\"Greitai perve\u017eimai Europoje\" \/><\/div><\/div><div class=\"wpb_text_column\"><div class=\"wpb_wrapper\"><h4>Elastyczno\u015b\u0107<\/h4>\n<p>Flota firmy sk\u0142ada si\u0119 z 20 samochod\u00f3w ci\u0119\u017carowych<\/p>\n<\/div><\/div><\/div><div class=\"w-hwrapper us_custom_0c897fc8 services-icon-block align_none valign_top\" style=\"--hwrapper-gap:1rem\"><div class=\"w-image services-icon align_none\"><div class=\"w-image-h\"><img loading=\"lazy\" decoding=\"async\" width=\"32\" height=\"26\" src=\"https:\/\/www.eskitransa.lt\/wp-content\/uploads\/2023\/02\/service-icon-cars.svg\" class=\"attachment-full size-full\" alt=\"Greitas perve\u017eimas Europoje\" \/><\/div><\/div><div class=\"wpb_text_column\"><div class=\"wpb_wrapper\"><h4>Punktualno\u015b\u0107<\/h4>\n<p>Transportujemy oko\u0142o 200 samochod\u00f3w dziennie<\/p>\n<\/div><\/div><\/div><div class=\"w-hwrapper us_custom_0c897fc8 services-icon-block align_none valign_top\" style=\"--hwrapper-gap:1rem\"><div class=\"w-image services-icon align_none\"><div class=\"w-image-h\"><img loading=\"lazy\" decoding=\"async\" width=\"32\" height=\"22\" src=\"https:\/\/www.eskitransa.lt\/wp-content\/uploads\/2023\/02\/service-icon-road.svg\" class=\"attachment-full size-full\" alt=\"Automobili\u0173 perve\u017eimas\" \/><\/div><\/div><div class=\"wpb_text_column\"><div class=\"wpb_wrapper\"><h4>Pr\u0119dko\u015b\u0107<\/h4>\n<p>Przemierzamy oko\u0142o 10 000 kilometr\u00f3w dziennie<\/p>\n<\/div><\/div><\/div><div class=\"w-hwrapper us_custom_0c897fc8 services-icon-block align_none valign_top\" style=\"--hwrapper-gap:1rem\"><div class=\"w-image services-icon globe align_none\"><div class=\"w-image-h\"><img loading=\"lazy\" decoding=\"async\" width=\"32\" height=\"32\" src=\"https:\/\/www.eskitransa.lt\/wp-content\/uploads\/2023\/02\/service-icon-globe.svg\" class=\"attachment-full size-full\" alt=\"Perve\u017eimai visoje Europoje\" \/><\/div><\/div><div class=\"wpb_text_column\"><div class=\"wpb_wrapper\"><h4>Niezawodno\u015b\u0107<\/h4>\n<p>Ka\u017cdego roku transportujemy oko\u0142o 20 000 samochod\u00f3w w ca\u0142ej Europie<\/p>\n<\/div><\/div><\/div><\/div><\/div><\/div><\/div><\/div><\/div><\/div><\/div><\/div><\/section><section class=\"l-section wpb_row height_medium with_img\" id=\"kariery\"><div class=\"l-section-img\" style=\"background-image: url(https:\/\/www.eskitransa.lt\/wp-content\/uploads\/2023\/02\/eskitransa-career-bg.webp);background-repeat: no-repeat;\" data-img-width=\"1920\" data-img-height=\"490\"><\/div><div class=\"l-section-h i-cf\"><div class=\"g-cols vc_row via_flex valign_top type_default stacking_default\"><div class=\"vc_col-sm-12 wpb_column vc_column_container\"><div class=\"vc_column-inner\"><div class=\"wpb_wrapper\"><div class=\"g-cols wpb_row via_flex valign_top type_default stacking_default\"><div class=\"vc_col-sm-6 wpb_column vc_column_container\"><div class=\"vc_column-inner\"><div class=\"wpb_wrapper\"><div class=\"wpb_text_column us_custom_67cecdea us_animate_this\"><div class=\"wpb_wrapper\"><h2>Kariera<\/h2>\n<\/div><\/div><div class=\"wpb_text_column us_custom_d32aba87 has_text_color us_animate_this\"><div class=\"wpb_wrapper\"><h3>Do\u0142\u0105cz do naszego zespo\u0142u na<br \/>\n<\/h3>\n<p>Zawsze szukamy zmotywowanych i osi\u0105gaj\u0105cych wysokie wyniki cz\u0142onk\u00f3w zespo\u0142u, kt\u00f3rzy chcieliby do\u0142\u0105czy\u0107 do naszego zespo\u0142u.<\/p>\n<\/div><\/div><div class=\"w-btn-wrapper align_none\"><a class=\"w-btn us-btn-style_1 us_custom_d8caf4e0 us_animate_this\" id=\"career-cv-trigger\" href=\"#CV\"><span class=\"w-btn-label\">Wy\u015blij swoje CV<\/span><\/a><\/div><\/div><\/div><\/div><div class=\"vc_col-sm-6 wpb_column vc_column_container\"><div class=\"vc_column-inner\"><div class=\"wpb_wrapper\"><\/div><\/div><\/div><\/div><\/div><\/div><\/div><\/div><\/div><\/section><section class=\"l-section wpb_row us_custom_d6e78c69 height_medium\" id=\"o nas\"><div class=\"l-section-overlay\" style=\"background:rgba(255,255,255,0.95)\"><\/div><div class=\"l-section-h i-cf\"><div class=\"g-cols vc_row via_flex valign_top type_default stacking_default\"><div class=\"vc_col-sm-12 wpb_column vc_column_container\"><div class=\"vc_column-inner\"><div class=\"wpb_wrapper\"><div class=\"wpb_text_column us_custom_67cecdea us_animate_this\"><div class=\"wpb_wrapper\"><h2>O nas<\/h2>\n<\/div><\/div><div class=\"g-cols wpb_row via_flex valign_top type_default stacking_default\"><div class=\"vc_col-sm-4 wpb_column vc_column_container\"><div class=\"vc_column-inner\"><div class=\"wpb_wrapper\"><div class=\"wpb_text_column us_custom_5f34439b\"><div class=\"wpb_wrapper\"><h3>Spotkajmy si\u0119 w<\/h3>\n<\/div><\/div><\/div><\/div><\/div><div class=\"vc_col-sm-8 wpb_column vc_column_container\"><div class=\"vc_column-inner\"><div class=\"wpb_wrapper\"><div class=\"wpb_text_column us_custom_ff13c409 us_animate_this\"><div class=\"wpb_wrapper\"><p>Firma Eskitransa, zajmuj\u0105ca si\u0119 logistyk\u0105 i transportem od 2018 roku, dba o terminowe dostawy wszystkich towar\u00f3w. \u015awiadczymy us\u0142ugi mi\u0119dzynarodowego transportu samochodowego w krajach Unii Europejskiej. Naszymi klientami s\u0105 producenci samochod\u00f3w i ich przedstawicielstwa, firmy litewskie.Obecnie firma ca\u0142y czas powi\u0119ksza swoj\u0105 flot\u0119 samochod\u00f3w ci\u0119\u017carowych. Flota firmy sk\u0142ada si\u0119 z samochod\u00f3w ci\u0119\u017carowych spe\u0142niaj\u0105cych normy emisji spalin Euro 5 i Euro 6.<\/p>\n<\/div><\/div><\/div><\/div><\/div><\/div><\/div><\/div><\/div><\/div><\/div><\/section><section class=\"l-section wpb_row us_custom_421fb29a height_medium\" id=\"Kontakt\"><div class=\"l-section-overlay\" style=\"background:linear-gradient(180deg, #1A1A1A, rgba(26,26,26,0.95))\"><\/div><div class=\"l-section-h i-cf\"><div class=\"g-cols vc_row via_flex valign_top type_default stacking_default\"><div class=\"vc_col-sm-12 wpb_column vc_column_container\"><div class=\"vc_column-inner\"><div class=\"wpb_wrapper\"><div class=\"wpb_text_column us_custom_67cecdea us_animate_this\"><div class=\"wpb_wrapper\"><h2>Dane kontaktowe<\/h2>\n<\/div><\/div><div class=\"g-cols wpb_row via_flex valign_top type_default stacking_default\"><div class=\"vc_col-sm-4 wpb_column vc_column_container\"><div class=\"vc_column-inner\"><div class=\"wpb_wrapper\"><div class=\"wpb_text_column us_custom_6df4bc3a has_text_color\"><div class=\"wpb_wrapper\"><h3>Wy\u015blij do nas<\/h3>\n<\/div><\/div><div class=\"wpb_text_column us_custom_19442b20 contact-details us_animate_this\"><div class=\"wpb_wrapper\"><p><strong>Kod firmy<\/strong><br \/>\n304894180<\/p>\n<p><strong>Kod p\u0142atnika VAT<\/strong><br \/>\nLT100011837417<\/p>\n<p><strong>Adres<\/strong><br \/>\nPilies g. 3, Norkai\u010di\u0173 k., LT-72177 Taurag\u0117s r.<\/p>\n<p><strong>Numer DUNS: <\/strong><br \/>\n53-674-6224<\/p>\n<p><strong>Dyrektor<\/strong><br \/>\nHaroldas Eskis<\/p>\n<\/div><\/div><\/div><\/div><\/div><div class=\"vc_col-sm-8 wpb_column vc_column_container\"><div class=\"vc_column-inner\"><div class=\"wpb_wrapper\"><form class=\"w-form  us_custom_ff13c409 us_animate_this layout_ver for_cform us_form_1\" autocomplete=\"off\" action=\"https:\/\/www.eskitransa.lt\/pl\/wp-json\/wp\/v2\/pages\/103\" method=\"post\"><div class=\"w-form-h\"><div class=\"w-form-row for_text has_label required cols_3\">\r\n\t\t\t<div class=\"w-form-row-label\">\r\n\t\t\t<span>Nazwa *<\/span>\r\n\t\t<\/div>\r\n\t\t<div class=\"w-form-row-field\">\r\n\t\t\t\t\t\t<input aria-label=\"Nazwa\" type=\"text\" name=\"us_form_1_text_1\" value placeholder data-required=\"true\" aria-required=\"true\"\/>\r\n\t\t\t<\/div>\r\n\t\t<div class=\"w-form-row-state\">Wype\u0142nij to pole<\/div>\r\n<\/div>\r\n<div class=\"w-form-row for_email has_label required cols_3\">\r\n\t\t\t<div class=\"w-form-row-label\">\r\n\t\t\t<span>El. adres pocztowy *<\/span>\r\n\t\t<\/div>\r\n\t\t<div class=\"w-form-row-field\">\r\n\t\t\t\t\t\t<input aria-label=\"El. adres pocztowy\" type=\"email\" name=\"us_form_1_email_1\" value placeholder data-required=\"true\" aria-required=\"true\"\/>\r\n\t\t\t<\/div>\r\n\t\t<div class=\"w-form-row-state\">Prosz\u0119 wpisa\u0107 prawid\u0142owy adres e-mail.<\/div>\r\n<\/div>\r\n<div class=\"w-form-row for_text has_label required cols_3\">\r\n\t\t\t<div class=\"w-form-row-label\">\r\n\t\t\t<span>Numer telefonu *<\/span>\r\n\t\t<\/div>\r\n\t\t<div class=\"w-form-row-field\">\r\n\t\t\t\t\t\t<input aria-label=\"Numer telefonu\" inputmode=\"tel\" type=\"text\" name=\"us_form_1_text_2\" value placeholder data-required=\"true\" aria-required=\"true\"\/>\r\n\t\t\t<\/div>\r\n\t\t<div class=\"w-form-row-state\">Wype\u0142nij to pole<\/div>\r\n<\/div>\r\n<div class=\"w-form-row for_textarea has_label\">\r\n\t\t\t<div class=\"w-form-row-label\">\r\n\t\t\t<span>Wiadomo\u015b\u0107 do<\/span>\r\n\t\t<\/div>\r\n\t\t<div class=\"w-form-row-field\">\r\n\t\t\t\t\t\t<textarea aria-label=\"Wiadomo\u015b\u0107 do\" name=\"us_form_1_textarea_1\" placeholder><\/textarea>\r\n\t\t\t<\/div>\r\n\t\t<div class=\"w-form-row-state\">Wype\u0142nij to pole<\/div>\r\n<\/div>\r\n<div class=\"w-form-row for_agreement required\">\r\n\t\t<div class=\"w-form-row-field\">\r\n\t\t\t\t<label>\r\n\t\t\t<input type=\"checkbox\" class=\"screen-reader-text\" value=\"1\" data-required=\"true\" aria-required=\"true\" name=\"us_form_1_agreement_1\"\/>\r\n\t\t\t<span class=\"w-form-checkbox\"><\/span>\r\n\t\t\t<span>Akceptuj\u0119 polityk\u0119 prywatno\u015bci i zasady przechowywania danych<\/span>\r\n\t\t<\/label>\r\n\t\t\t<\/div>\r\n\t\t<div class=\"w-form-row-state\">You need to agree with the terms to proceed<\/div>\r\n<\/div>\r\n<input type=\"hidden\" name=\"action\" value=\"us_ajax_cform\" \/>\r\n<input type=\"hidden\" name=\"post_id\" value=\"0\" \/>\r\n<input type=\"hidden\" name=\"form_index\" value=\"1\" \/>\r\n<div class=\"w-form-row for_submit  align_none\">\r\n\t<button class=\"w-btn  us-btn-style_1\" aria-label=\"Wy\u015blij wniosek\" type=\"submit\">\r\n\t\t<span class=\"g-preloader type_1\"><\/span>\r\n\t\t\t\t<span class=\"w-btn-label\">Wy\u015blij wniosek<\/span>\r\n\t\t\t<\/button>\r\n\t<\/div>\r\n<\/div><div class=\"w-form-message\"><\/div><div class=\"w-form-json hidden\" onclick='return {&quot;ajaxurl&quot;:&quot;https:\\\/\\\/www.eskitransa.lt\\\/wp-admin\\\/admin-ajax.php&quot;,&quot;messages&quot;:{&quot;err_empty&quot;:&quot;Wype\\u0142nij to pole&quot;,&quot;err_size&quot;:&quot;File size cannot exceed %s MB&quot;,&quot;err_extension&quot;:&quot;%s file type is not allowed&quot;}}'><\/div><\/form><\/div><\/div><\/div><\/div><\/div><\/div><\/div><\/div><\/div><\/section><section class=\"l-section wpb_row us_custom_d6b9267d has_text_color height_auto\"><div class=\"l-section-h i-cf\"><div class=\"g-cols vc_row via_flex valign_top type_default stacking_default\"><div class=\"vc_col-sm-12 wpb_column vc_column_container\"><div class=\"vc_column-inner\"><div class=\"wpb_wrapper\"><div class=\"w-popup align_none\"><span class=\"w-popup-trigger type_selector\" data-selector=\"#career-cv-trigger\"><\/span><div class=\"w-popup-overlay\" style=\"background:rgba(0,0,0,0.85);\"><\/div><div class=\"w-popup-wrap\" style=\"--title-color:var(--color-content-heading);--title-bg-color:var(--color-content-bg-alt);--content-color:#ffffff;--content-bg-color:#333333\"><div class=\"w-popup-box animation_fadeIn closerpos_outside without_title\" style=\"width:600px;\"><div class=\"w-popup-box-h\"><div class=\"w-popup-box-content\" style=\"padding:5%;\"><section class=\"l-section wpb_row height_medium\"><div class=\"l-section-h i-cf\"><div class=\"g-cols vc_row via_flex valign_top type_default stacking_default\"><div class=\"vc_col-sm-12 wpb_column vc_column_container\"><div class=\"vc_column-inner\"><div class=\"wpb_wrapper\"><form class=\"w-form  layout_ver for_cform us_form_2\" autocomplete=\"off\" action=\"https:\/\/www.eskitransa.lt\/pl\/wp-json\/wp\/v2\/pages\/103\" method=\"post\" enctype=\"multipart\/form-data\"><div class=\"w-form-h\"><div class=\"w-form-row for_text has_label required\">\r\n\t\t\t<div class=\"w-form-row-label\">\r\n\t\t\t<span>Twoje imi\u0119 i nazwisko *<\/span>\r\n\t\t<\/div>\r\n\t\t<div class=\"w-form-row-field\">\r\n\t\t\t\t\t\t<input aria-label=\"Twoje imi\u0119 i nazwisko\" type=\"text\" name=\"us_form_2_text_1\" value placeholder data-required=\"true\" aria-required=\"true\"\/>\r\n\t\t\t<\/div>\r\n\t\t<div class=\"w-form-row-state\">Wype\u0142nij to pole<\/div>\r\n<\/div>\r\n<div class=\"w-form-row for_email has_label required\">\r\n\t\t\t<div class=\"w-form-row-label\">\r\n\t\t\t<span>El. adres pocztowy *<\/span>\r\n\t\t<\/div>\r\n\t\t<div class=\"w-form-row-field\">\r\n\t\t\t\t\t\t<input aria-label=\"El. adres pocztowy\" type=\"email\" name=\"us_form_2_email_1\" value placeholder data-required=\"true\" aria-required=\"true\"\/>\r\n\t\t\t<\/div>\r\n\t\t<div class=\"w-form-row-state\">Prosz\u0119 wpisa\u0107 prawid\u0142owy adres e-mail.<\/div>\r\n<\/div>\r\n<div class=\"w-form-row for_textarea has_label\">\r\n\t\t\t<div class=\"w-form-row-label\">\r\n\t\t\t<span>Wiadomo\u015b\u0107 do<\/span>\r\n\t\t<\/div>\r\n\t\t<div class=\"w-form-row-field\">\r\n\t\t\t\t\t\t<textarea aria-label=\"Wiadomo\u015b\u0107 do\" name=\"us_form_2_textarea_1\" placeholder><\/textarea>\r\n\t\t\t<\/div>\r\n\t\t<div class=\"w-form-row-state\">Wype\u0142nij to pole<\/div>\r\n<\/div>\r\n<div class=\"w-form-row for_file has_label required\">\r\n\t\t\t<div class=\"w-form-row-label\">\r\n\t\t\t<span>Twoje CV *<\/span>\r\n\t\t<\/div>\r\n\t\t<div class=\"w-form-row-field\">\r\n\t\t\t\t\t\t<input aria-label=\"Twoje CV\" type=\"file\" name=\"us_form_2_file_1\" accept=\".pdf,.jpg,.png\" data-std=\"10MB\" data-max_size=\"10\" data-required=\"true\" aria-required=\"true\"\/>\r\n\t\t\t<\/div>\r\n\t\t\t<div class=\"w-form-row-description\">\r\n\t\t\tDost\u0119pne formaty: .pdf, .jpg, .png. Maksymalny rozmiar: 10MB\t\t<\/div>\r\n\t\t<div class=\"w-form-row-state\">Wype\u0142nij to pole<\/div>\r\n<\/div>\r\n<input type=\"hidden\" name=\"action\" value=\"us_ajax_cform\" \/>\r\n<input type=\"hidden\" name=\"queried_object_id\" value=\"0\" \/>\r\n<input type=\"hidden\" name=\"post_id\" value=\"118\" \/>\r\n<input type=\"hidden\" name=\"form_index\" value=\"2\" \/>\r\n<div class=\"w-form-row for_submit  align_none\">\r\n\t<button class=\"w-btn  us-btn-style_1\" aria-label=\"Wy\u015blij CV\" type=\"submit\">\r\n\t\t<span class=\"g-preloader type_1\"><\/span>\r\n\t\t\t\t<span class=\"w-btn-label\">Wy\u015blij CV<\/span>\r\n\t\t\t<\/button>\r\n\t<\/div>\r\n<\/div><div class=\"w-form-message\"><\/div><div class=\"w-form-json hidden\" onclick='return {&quot;ajaxurl&quot;:&quot;https:\\\/\\\/www.eskitransa.lt\\\/wp-admin\\\/admin-ajax.php&quot;,&quot;messages&quot;:{&quot;err_empty&quot;:&quot;Wype\\u0142nij to pole&quot;,&quot;err_size&quot;:&quot;File size cannot exceed %s MB&quot;,&quot;err_extension&quot;:&quot;%s file type is not allowed&quot;}}'><\/div><\/form><\/div><\/div><\/div><\/div><\/div><\/section>\n<\/div><\/div><\/div><div class=\"w-popup-closer\" style=\"color:var(--color-content-primary);\"><\/div><\/div><\/div><div class=\"g-cols wpb_row us_custom_b45ec791 has_text_color via_flex valign_top type_default stacking_default\"><div class=\"vc_col-sm-6 wpb_column vc_column_container\"><div class=\"vc_column-inner\"><div class=\"wpb_wrapper\"><div class=\"wpb_text_column us_custom_558ec5ca\"><div class=\"wpb_wrapper\"><p>Wszelkie prawa zastrze\u017cone \u00a9 2023 ESKITRANSA | <a href=\"https:\/\/www.eskitransa.lt\/pl\/polityka-prywatnosci\">Polityka prywatno\u015bci<\/a><\/p>\n<\/div><\/div><\/div><\/div><\/div><div class=\"vc_col-sm-6 wpb_column vc_column_container\"><div class=\"vc_column-inner\"><div class=\"wpb_wrapper\"><div class=\"wpb_text_column us_custom_04c40667\"><div class=\"wpb_wrapper\"><p>Tworzenie stron internetowych | <a title=\"Tworzenie stron internetowych\" href=\"https:\/\/www.desamedia.lt\/paslaugos\/interneto-svetainiu-kurimas\">DESAmedia<\/a><\/p>\n<\/div><\/div><\/div><\/div><\/div><\/div><\/div><\/div><\/div><\/div><\/div><\/section>\n","protected":false},"excerpt":{"rendered":"Wysy\u0142ka samochod\u00f3w w ca\u0142ej Europie Zapewnimy bezpieczny i szybki transport samochodu Zarezerwuj transferUs\u0142ugi Us\u0142ugi transportu samochodowego Oferujemy rzetelne i sprawne us\u0142ugi transportu samochodowego w krajach europejskich: Hiszpania, Francja, Belgia, Holandia, Niemcy, Dania, Austria, Czechy, W\u0119gry, S\u0142owacja, Polska, Litwa. Nasz zesp\u00f3\u0142 ekspert\u00f3w posiada wieloletnie do\u015bwiadczenie w bran\u017cy motoryzacyjnej, dostarczaj\u0105c samochody do salon\u00f3w dealerskich, na aukcje oraz...","protected":false},"author":1,"featured_media":183,"parent":0,"menu_order":0,"comment_status":"closed","ping_status":"open","template":"","meta":{"footnotes":""},"_links":{"self":[{"href":"https:\/\/www.eskitransa.lt\/pl\/wp-json\/wp\/v2\/pages\/103"}],"collection":[{"href":"https:\/\/www.eskitransa.lt\/pl\/wp-json\/wp\/v2\/pages"}],"about":[{"href":"https:\/\/www.eskitransa.lt\/pl\/wp-json\/wp\/v2\/types\/page"}],"author":[{"embeddable":true,"href":"https:\/\/www.eskitransa.lt\/pl\/wp-json\/wp\/v2\/users\/1"}],"replies":[{"embeddable":true,"href":"https:\/\/www.eskitransa.lt\/pl\/wp-json\/wp\/v2\/comments?post=103"}],"version-history":[{"count":24,"href":"https:\/\/www.eskitransa.lt\/pl\/wp-json\/wp\/v2\/pages\/103\/revisions"}],"predecessor-version":[{"id":307,"href":"https:\/\/www.eskitransa.lt\/pl\/wp-json\/wp\/v2\/pages\/103\/revisions\/307"}],"wp:featuredmedia":[{"embeddable":true,"href":"https:\/\/www.eskitransa.lt\/pl\/wp-json\/wp\/v2\/media\/183"}],"wp:attachment":[{"href":"https:\/\/www.eskitransa.lt\/pl\/wp-json\/wp\/v2\/media?parent=103"}],"curies":[{"name":"wp","href":"https:\/\/api.w.org\/{rel}","templated":true}]}}