{"id":109,"date":"2023-02-06T09:01:34","date_gmt":"2023-02-06T09:01:34","guid":{"rendered":"https:\/\/www.eskitransa.lt\/polityka-prywatnosci"},"modified":"2023-02-27T09:41:38","modified_gmt":"2023-02-27T09:41:38","slug":"polityka-prywatnosci","status":"publish","type":"page","link":"https:\/\/www.eskitransa.lt\/pl\/polityka-prywatnosci","title":{"rendered":"Polityka prywatno\u015bci"},"content":{"rendered":"<h1>Polityka prywatno\u015bci<\/h1>\n<p>Niniejsza Polityka prywatno\u015bci i plik\u00f3w cookies (&#8222;Polityka&#8221;) ma zastosowanie, gdy odwiedzasz stron\u0119 internetow\u0105 Eskitransa. Niniejsza Polityka nie ma zastosowania w przypadku przegl\u0105dania stron internetowych innych firm poprzez wej\u015bcie na stron\u0119 internetow\u0105 Eskitransa.<\/p>\n<p>Dane os\u00f3b odwiedzaj\u0105cych nasz\u0105 stron\u0119 internetow\u0105 gromadzimy zgodnie z ustaw\u0105 o ochronie prawnej danych osobowych Republiki Litewskiej, ustaw\u0105 o komunikacji elektronicznej Republiki Litewskiej, przepisami Unii Europejskiej o ochronie danych osobowych, innymi odpowiednimi aktami prawnymi oraz instrukcjami organ\u00f3w kontrolnych.<\/p>\n<h2>Gromadzenie danych<\/h2>\n<p>U\u017cywamy plik\u00f3w cookies do zbierania danych o korzystaniu ze strony internetowej. Rodzaje plik\u00f3w cookies oraz ich cel zosta\u0142y przedstawione w poni\u017cszej tabeli.<\/p>\n<p>Odpowiedzialnie chronimy dane, kt\u00f3re gromadzimy o osobach odwiedzaj\u0105cych stron\u0119 internetow\u0105 Eskitransa przed utrat\u0105, nieuprawnionym wykorzystaniem i zmianami. Pracownicy Eskitransa maj\u0105 pisemne zobowi\u0105zanie, \u017ce nie b\u0119d\u0105 ujawnia\u0107 ani rozpowszechnia\u0107 osobom trzecim \u017cadnych informacji o klientach firmy, w tym o osobach odwiedzaj\u0105cych stron\u0119 internetow\u0105 Eskitransa, uzyskanych w miejscu pracy.<\/p>\n<h2>Stosowanie plik\u00f3w cookie<\/h2>\n<p>Kiedy odwiedzasz stron\u0119 internetow\u0105 Eskitransa, chcemy dostarczy\u0107 Ci informacji i funkcji, kt\u00f3re s\u0105 dostosowane w\u0142a\u015bnie do Ciebie. Wymaga to stosowania plik\u00f3w cookies. S\u0105 to ma\u0142e kawa\u0142ki informacji przechowywane w przegl\u0105darce internetowej. Pomagaj\u0105 nam one rozpozna\u0107 Ci\u0119 jako poprzedniego go\u015bcia na stronie Eskitransa, przechowywa\u0107 histori\u0119 Twoich odwiedzin i odpowiednio dostosowywa\u0107 tre\u015bci. Pliki cookie pomagaj\u0105 r\u00f3wnie\u017c zapewni\u0107 sprawne dzia\u0142anie strony internetowej, monitorowa\u0107 czas trwania i cz\u0119stotliwo\u015b\u0107 wizyt na stronie internetowej Eskitransa oraz zbiera\u0107 informacje statystyczne o liczbie os\u00f3b odwiedzaj\u0105cych stron\u0119. Dzi\u0119ki analizie tych danych mo\u017cemy ulepszy\u0107 stron\u0119 internetow\u0105 i uczyni\u0107 j\u0105 bardziej przyjazn\u0105 dla u\u017cytkownika. Kiedy odwiedzasz stron\u0119 internetow\u0105 Eskitransa, mo\u017cesz wybra\u0107, czy chcesz korzysta\u0107 z plik\u00f3w cookie. Je\u017celi nie wyra\u017casz zgody na umieszczanie plik\u00f3w cookies na Twoim komputerze lub innym urz\u0105dzeniu, mo\u017cesz w ka\u017cdej chwili wycofa\u0107 swoj\u0105 zgod\u0119 poprzez zmian\u0119 ustawie\u0144 i usuni\u0119cie umieszczonych plik\u00f3w cookies.<\/p>\n<h2>Informacje o u\u017cywanych przez nas plikach cookies<\/h2>\n<table>\n<thead>\n<tr>\n<th>Nazwa<\/th>\n<th>Opis<\/th>\n<th>Moment utworzenia\/data wa\u017cno\u015bci<\/th>\n<\/tr>\n<\/thead>\n<tbody>\n<tr>\n<td>Nie.<\/td>\n<td>Ten plik cookie jest wykorzystywany przez Google Analytics do pomiaru cel\u00f3w wizyty u\u017cytkownika, generowania raport\u00f3w dotycz\u0105cych aktywno\u015bci na stronie dla operator\u00f3w stron internetowych oraz do poprawy do\u015bwiadcze\u0144 klienta podczas odwiedzania strony internetowej<\/td>\n<td>Od zgody\/2 lat.<\/td>\n<\/tr>\n<tr>\n<td>Nie, nie, nie.<\/td>\n<td>Te pliki cookie s\u0105 wykorzystywane przez Google Analytics do zbierania informacji statystycznych o ruchu na stronie.<\/td>\n<td>Kiedy po raz pierwszy pojawiasz si\u0119 na stronie\/po zako\u0144czeniu sesji<\/td>\n<\/tr>\n<tr>\n<td>_gid<\/td>\n<td>Ten plik cookie jest u\u017cywany przez Google Analytics do identyfikacji Osoby.<\/td>\n<td>W momencie pierwszego dost\u0119pu\/2 dni<\/td>\n<\/tr>\n<\/tbody>\n<\/table>\n<h2>Rodzaje ciasteczek<\/h2>\n<p>Pliki cookie to pliki sesyjne i trwa\u0142e oraz pliki cookie pierwszej lub trzeciej strony. Poni\u017cej wyja\u015bniamy, co oznaczaj\u0105 te terminy, aby\u015b m\u00f3g\u0142 lepiej zrozumie\u0107 nasze wykorzystanie plik\u00f3w cookie i do czego s\u0105 one u\u017cywane.<\/p>\n<p>Pliki cookie sesji umo\u017cliwiaj\u0105 rozpoznanie u\u017cytkownika podczas pojedynczej wizyty w naszej witrynie, dzi\u0119ki czemu wszelkie zmiany lub wybory dokonane przez u\u017cytkownika na stronie s\u0105 zapami\u0119tywane podczas przechodzenia z jednej strony na drug\u0105. Te pliki cookie pozwalaj\u0105 na szybkie i \u0142atwe poruszanie si\u0119 po wielu stronach witryny, dzi\u0119ki czemu nie trzeba ponownie przetwarza\u0107 informacji za ka\u017cdym razem, gdy odwiedza si\u0119 now\u0105 witryn\u0119. Pliki cookie sesji s\u0105 tymczasowe i znikaj\u0105, gdy tylko zamkniesz przegl\u0105dark\u0119 lub wylogujesz si\u0119 ze strony internetowej.<\/p>\n<h2>D\u0142ugoterminowe pliki cookie<\/h2>\n<p>Trwa\u0142e pliki cookie to pliki cookie, kt\u00f3re pozostaj\u0105 na komputerze u\u017cytkownika przez okre\u015blony czas po zako\u0144czeniu sesji przegl\u0105dania, i dlatego mog\u0105 rejestrowa\u0107 pewne preferencje u\u017cytkownika lub dzia\u0142ania, gdy strona internetowa jest ponownie odwiedzana.<\/p>\n<h2>Pliki cookie os\u00f3b trzecich<\/h2>\n<p>Te pliki cookie u\u017cywane przez inne organizacje za po\u015brednictwem naszej strony internetowej. W naszym przypadku strona internetowa Eskitransa wykorzystuje pliki cookies Google Analytics do analizy ruchu na stronie. &#8222;Google Analytics&#8221; zbiera anonimowo informacje o liczbie odwiedzaj\u0105cych, lokalizacji, z kt\u00f3rej nasza strona by\u0142a u\u017cywana oraz jakie cz\u0119\u015bci strony by\u0142y przegl\u0105dane przez odwiedzaj\u0105cych. Te pliki cookie s\u0105 tworzone przez Google Analytics. Wi\u0119cej informacji na temat Google Analytics mo\u017cna znale\u017a\u0107 na stronie <a href=\"http:\/\/www.google.com\/analytics\" target=\"_blank\" rel=\"noopener noreferrer\">http:\/\/www.google.com\/analytics<\/a>.<\/p>\n<p>Wszelkie informacje zebrane za pomoc\u0105 plik\u00f3w cookie s\u0105 przechowywane do czasu ich wyga\u015bni\u0119cia i nie s\u0105 wykorzystywane do cel\u00f3w innych ni\u017c okre\u015blone w niniejszej polityce.<\/p>\n<p>Nasza strona zawiera linki do stron internetowych innych os\u00f3b, firm lub organizacji. Nale\u017cy pami\u0119ta\u0107, \u017ce Eskitransa nie ponosi odpowiedzialno\u015bci za tre\u015b\u0107 takich stron internetowych ani za ich praktyki w zakresie prywatno\u015bci. Dlatego te\u017c, je\u015bli u\u017cytkownik skorzysta z linku ze strony internetowej Eskitransa do innych stron internetowych, powinien sprawdzi\u0107 ich polityk\u0119 prywatno\u015bci oddzielnie.<\/p>\n<h2>Pliki cookie pierwszej strony<\/h2>\n<p>Te pliki cookies, kt\u00f3re s\u0105 niezb\u0119dne do prawid\u0142owego funkcjonowania strony internetowej Eskitransa.<\/p>\n<h2>Twoje prawa<\/h2>\n<p>Masz prawo dost\u0119pu do swoich danych przetwarzanych przez nas przy u\u017cyciu plik\u00f3w cookies. Masz r\u00f3wnie\u017c prawo do \u017c\u0105dania sprostowania nieprawid\u0142owych, niepe\u0142nych lub niedok\u0142adnych danych.<\/p>\n<p>Je\u015bli masz jakiekolwiek pytania lub chcesz skorzysta\u0107 ze swoich praw, skontaktuj si\u0119 z nami na adres e-mail podany na stronie kontaktowej. poczt\u0105 lub w inny spos\u00f3b wskazany na tej stronie.<\/p>\n","protected":false},"excerpt":{"rendered":"<p>Polityka prywatno\u015bci Niniejsza Polityka prywatno\u015bci i plik\u00f3w cookies (&#8222;Polityka&#8221;) ma zastosowanie, gdy odwiedzasz stron\u0119 internetow\u0105 Eskitransa. Niniejsza Polityka nie ma zastosowania w przypadku przegl\u0105dania stron internetowych innych firm poprzez wej\u015bcie na stron\u0119 internetow\u0105 Eskitransa. Dane os\u00f3b odwiedzaj\u0105cych nasz\u0105 stron\u0119 internetow\u0105 gromadzimy zgodnie z ustaw\u0105 o ochronie prawnej danych osobowych Republiki Litewskiej, ustaw\u0105 o komunikacji elektronicznej&#8230;<\/p>\n","protected":false},"author":1,"featured_media":0,"parent":0,"menu_order":0,"comment_status":"closed","ping_status":"open","template":"","meta":{"footnotes":""},"_links":{"self":[{"href":"https:\/\/www.eskitransa.lt\/pl\/wp-json\/wp\/v2\/pages\/109"}],"collection":[{"href":"https:\/\/www.eskitransa.lt\/pl\/wp-json\/wp\/v2\/pages"}],"about":[{"href":"https:\/\/www.eskitransa.lt\/pl\/wp-json\/wp\/v2\/types\/page"}],"author":[{"embeddable":true,"href":"https:\/\/www.eskitransa.lt\/pl\/wp-json\/wp\/v2\/users\/1"}],"replies":[{"embeddable":true,"href":"https:\/\/www.eskitransa.lt\/pl\/wp-json\/wp\/v2\/comments?post=109"}],"version-history":[{"count":2,"href":"https:\/\/www.eskitransa.lt\/pl\/wp-json\/wp\/v2\/pages\/109\/revisions"}],"predecessor-version":[{"id":214,"href":"https:\/\/www.eskitransa.lt\/pl\/wp-json\/wp\/v2\/pages\/109\/revisions\/214"}],"wp:attachment":[{"href":"https:\/\/www.eskitransa.lt\/pl\/wp-json\/wp\/v2\/media?parent=109"}],"curies":[{"name":"wp","href":"https:\/\/api.w.org\/{rel}","templated":true}]}}